{"id":592,"date":"2024-03-21T22:44:46","date_gmt":"2024-03-21T19:44:46","guid":{"rendered":"https:\/\/www.beykarsan.com\/?post_type=product&#038;p=592"},"modified":"2025-07-05T16:52:56","modified_gmt":"2025-07-05T13:52:56","slug":"bmc-pro-sac-kapak-tomruk-kasasi","status":"publish","type":"product","link":"https:\/\/www.beykarsan.com\/?product=bmc-pro-sac-kapak-tomruk-kasasi","title":{"rendered":"BMC 827 PRO SAC KAPAK BORU YERL\u0130 TOMRUK KASASI"},"content":{"rendered":"<div class=\"flexslider ewic-slider-lite is_on_\" id=\"ewic-con-57869e37e4acc181\"><style>#ewic-con-57869e37e4acc181 .flex-direction-nav .flex-next, #ewic-con-57869e37e4acc181 .flex-direction-nav .flex-prev {opacity: 1;} #ewic-con-57869e37e4acc181 .flex-direction-nav .flex-next {right: 10px !important; text-align: right !important;} #ewic-con-57869e37e4acc181 .flex-direction-nav .flex-prev {left: 10px !important;}<\/style><div id=\"preloader-57869e37e4acc181\" class=\"sliderpreloader\"><\/div><ul style=\"display:none;\" class=\"slides flexslider-57869e37e4acc181\"><li class=\"ewic-slider\"><a href=\"https:\/\/www.beykarsan.com\/wp-content\/uploads\/2024\/03\/IMG_53871.jpg\" title=\"BMC FAT\u0130H AH\u015eAP DAMPER KASA\" rel=\"ewicprettyPhoto[57869e37e4acc181]\"><img decoding=\"async\" title=\"BMC FAT\u0130H AH\u015eAP DAMPER KASA\" class=\"ewic-wid-imgs\" src=\"https:\/\/www.beykarsan.com\/wp-content\/uploads\/2024\/03\/IMG_53871.jpg\" \/><p class=\"flex-caption\">BMC FAT\u0130H AH\u015eAP DAMPER KASA<\/p><\/a><\/li><li class=\"ewic-slider\"><a href=\"https:\/\/www.beykarsan.com\/wp-content\/uploads\/2024\/03\/IMG_53861.jpg\" title=\"BMC FAT\u0130H AH\u015eAP DAMPER KASA\" rel=\"ewicprettyPhoto[57869e37e4acc181]\"><img decoding=\"async\" title=\"BMC FAT\u0130H AH\u015eAP DAMPER KASA\" class=\"ewic-wid-imgs\" src=\"https:\/\/www.beykarsan.com\/wp-content\/uploads\/2024\/03\/IMG_53861.jpg\" \/><p class=\"flex-caption\">BMC FAT\u0130H AH\u015eAP DAMPER KASA<\/p><\/a><\/li><li class=\"ewic-slider\"><a href=\"https:\/\/www.beykarsan.com\/wp-content\/uploads\/2024\/03\/IMG_5385.jpg\" title=\"BMC FAT\u0130H AH\u015eAP DAMPER KASA\" rel=\"ewicprettyPhoto[57869e37e4acc181]\"><img decoding=\"async\" title=\"BMC FAT\u0130H AH\u015eAP DAMPER KASA\" class=\"ewic-wid-imgs\" src=\"https:\/\/www.beykarsan.com\/wp-content\/uploads\/2024\/03\/IMG_5385.jpg\" \/><p class=\"flex-caption\">BMC FAT\u0130H AH\u015eAP DAMPER KASA<\/p><\/a><\/li><li class=\"ewic-slider\"><a href=\"https:\/\/www.beykarsan.com\/wp-content\/uploads\/2024\/03\/IMG_5384.jpg\" title=\"BMC FAT\u0130H AH\u015eAP DAMPER KASA\" rel=\"ewicprettyPhoto[57869e37e4acc181]\"><img decoding=\"async\" title=\"BMC FAT\u0130H AH\u015eAP DAMPER KASA\" class=\"ewic-wid-imgs\" src=\"https:\/\/www.beykarsan.com\/wp-content\/uploads\/2024\/03\/IMG_5384.jpg\" \/><p class=\"flex-caption\">BMC FAT\u0130H AH\u015eAP DAMPER KASA<\/p><\/a><\/li><li class=\"ewic-slider\"><a href=\"https:\/\/www.beykarsan.com\/wp-content\/uploads\/2024\/03\/IMG_5383.jpg\" title=\"BMC FAT\u0130H AH\u015eAP DAMPER KASA\" rel=\"ewicprettyPhoto[57869e37e4acc181]\"><img decoding=\"async\" title=\"BMC FAT\u0130H AH\u015eAP DAMPER KASA\" class=\"ewic-wid-imgs\" src=\"https:\/\/www.beykarsan.com\/wp-content\/uploads\/2024\/03\/IMG_5383.jpg\" \/><p class=\"flex-caption\">BMC FAT\u0130H AH\u015eAP DAMPER KASA<\/p><\/a><\/li><li class=\"ewic-slider\"><a href=\"https:\/\/www.beykarsan.com\/wp-content\/uploads\/2024\/03\/IMG_5382.jpg\" title=\"BMC FAT\u0130H AH\u015eAP DAMPER KASA\" rel=\"ewicprettyPhoto[57869e37e4acc181]\"><img decoding=\"async\" title=\"BMC FAT\u0130H AH\u015eAP DAMPER KASA\" class=\"ewic-wid-imgs\" src=\"https:\/\/www.beykarsan.com\/wp-content\/uploads\/2024\/03\/IMG_5382.jpg\" \/><p class=\"flex-caption\">BMC FAT\u0130H AH\u015eAP DAMPER KASA<\/p><\/a><\/li><li class=\"ewic-slider\"><a href=\"https:\/\/www.beykarsan.com\/wp-content\/uploads\/2024\/03\/IMG_53811.jpg\" title=\"BMC FAT\u0130H AH\u015eAP DAMPER KASA\" rel=\"ewicprettyPhoto[57869e37e4acc181]\"><img decoding=\"async\" title=\"BMC FAT\u0130H AH\u015eAP DAMPER KASA\" class=\"ewic-wid-imgs\" src=\"https:\/\/www.beykarsan.com\/wp-content\/uploads\/2024\/03\/IMG_53811.jpg\" \/><p class=\"flex-caption\">BMC FAT\u0130H AH\u015eAP DAMPER KASA<\/p><\/a><\/li><\/ul><script type=\"text\/javascript\">\r\n\tjQuery(document).ready(function($) {\r\n\r\n\t\t$(\"#preloader-57869e37e4acc181\").fadeOut(500, function () {\r\n\r\n\t\t\t$(\"#ewic-con-57869e37e4acc181\").addClass(\"ready_to_show\");\r\n\r\n\t\t\t$(\"a[rel^='ewicprettyPhoto[57869e37e4acc181]']\").ewcPhoto({\r\n\t\t\t\ttheme: \"ewc_default\",\r\n\t\t\t\tallow_expand: false,\r\n\t\t\t\tdeeplinking: false,\r\n\t\t\t\tslideshow:5000,\r\n\t\t\t\tautoplay_slideshow:true,\r\n\t\t\t\tsocial_tools:false\r\n\t\t\t});\r\n\r\n\t\t\t$(\".flexslider-57869e37e4acc181\").fadeIn(300);\r\n\r\n\t\t\t$(\"#ewic-con-57869e37e4acc181\").flexslider({\r\n\t\t\t\tanimation: \"slide\",\r\n\t\t\t\tanimationSpeed: 0,\r\n\t\t\t\tuseCSS: false,\r\n\t\t\t\teasing: \"easeInQuad\",\r\n\t\t\t\tdirection: \"horizontal\",\r\n\t\t\t\tslideshow: true,\r\n\t\t\t\tsmoothHeight: true,\r\n\t\t\t\tpauseOnHover: true,\r\n\t\t\t\tcontrolNav: false,\r\n\t\t\t\tprevText: \"\",\r\n\t\t\t\tnextText: \"\",\r\n\t\t\t\trtl: false,\r\n\t\t\t\tslideshowSpeed: 5000,\r\n\t\t\t\tstart: function(slider){\r\n\t\t\t\t\t$(\"#ewic-con-57869e37e4acc181\").find(\".flex-caption\").hide();\r\n\t\t\t\t\tvar curSlide = slider.find(\"li.flex-active-slide\");\r\n\t\t\t\t\t$(curSlide).find(\".flex-caption\").slideDown();\r\n\t\t\t\t},\r\n\t\t\t\tbefore: function(slider) {\r\n\t\t\t\t\t$(\"#ewic-con-57869e37e4acc181\").find(\".flex-caption\").slideUp();\r\n\t\t\t\t},\r\n\t\t\t\tafter: function(slider) {\r\n\t\t\t\t\tvar curSlide = slider.find(\"li.flex-active-slide\");\r\n\t\t\t\t\t$(curSlide).find(\".flex-caption\").slideDown();\r\n\t\t\t\t}\r\n\r\n\t\t\t});\r\n\r\n\t\t});\r\n\r\n\t});\r\n<\/script><\/div>\r\n\n","protected":false},"excerpt":{"rendered":"","protected":false},"featured_media":590,"comment_status":"open","ping_status":"closed","template":"","meta":[],"product_cat":[57,51],"product_tag":[90,78,77,55,105,53,63,104,95,70],"class_list":{"0":"post-592","1":"product","2":"type-product","3":"status-publish","4":"has-post-thumbnail","6":"product_cat-bmc-2","7":"product_cat-tomruk-kasasi","8":"product_tag-ankara","9":"product_tag-beykarsan","10":"product_tag-beypazari","11":"product_tag-bmc","12":"product_tag-boru-yerli","13":"product_tag-damper","14":"product_tag-karoser","15":"product_tag-pro","16":"product_tag-sanayi","17":"product_tag-tomruk-kasasi-2","19":"first","20":"instock","21":"shipping-taxable","22":"product-type-simple"},"yoast_head":"<!-- This site is optimized with the Yoast SEO plugin v21.1 - https:\/\/yoast.com\/wordpress\/plugins\/seo\/ -->\n<title>BMC 827 PRO SAC KAPAK BORU YERL\u0130 TOMRUK KASASI - BEYKARSAN KAROSER VE DAMPER SANAY\u0130<\/title>\n<meta name=\"description\" content=\"BMC 827 PRO SAC KAPAK BORU YERL\u0130 TOMRUK KASASI \u00d6ZEL \u0130MALAT KASAMIZ!\" \/>\n<meta name=\"robots\" content=\"index, follow, max-snippet:-1, max-image-preview:large, max-video-preview:-1\" \/>\n<link rel=\"canonical\" href=\"https:\/\/www.beykarsan.com\/?product=bmc-pro-sac-kapak-tomruk-kasasi\" \/>\n<meta property=\"og:locale\" content=\"tr_TR\" \/>\n<meta property=\"og:type\" content=\"article\" \/>\n<meta property=\"og:title\" content=\"BMC 827 PRO SAC KAPAK BORU YERL\u0130 TOMRUK KASASI - BEYKARSAN KAROSER VE DAMPER SANAY\u0130\" \/>\n<meta property=\"og:description\" content=\"BMC 827 PRO SAC KAPAK BORU YERL\u0130 TOMRUK KASASI \u00d6ZEL \u0130MALAT KASAMIZ!\" \/>\n<meta property=\"og:url\" content=\"https:\/\/www.beykarsan.com\/?product=bmc-pro-sac-kapak-tomruk-kasasi\" \/>\n<meta property=\"og:site_name\" content=\"BEYKARSAN KAROSER VE DAMPER SANAY\u0130\" \/>\n<meta property=\"article:publisher\" content=\"https:\/\/www.facebook.com\/profile.php?id=100050422414160\" \/>\n<meta property=\"article:modified_time\" content=\"2025-07-05T13:52:56+00:00\" \/>\n<meta property=\"og:image\" content=\"https:\/\/www.beykarsan.com\/wp-content\/uploads\/2024\/03\/IMG_5390.jpg\" \/>\n\t<meta property=\"og:image:width\" content=\"4032\" \/>\n\t<meta property=\"og:image:height\" content=\"3024\" \/>\n\t<meta property=\"og:image:type\" content=\"image\/jpeg\" \/>\n<meta name=\"twitter:card\" content=\"summary_large_image\" \/>\n<meta name=\"twitter:label1\" content=\"Tahmini okuma s\u00fcresi\" \/>\n\t<meta name=\"twitter:data1\" content=\"1 dakika\" \/>\n<script type=\"application\/ld+json\" class=\"yoast-schema-graph\">{\"@context\":\"https:\/\/schema.org\",\"@graph\":[{\"@type\":\"WebPage\",\"@id\":\"https:\/\/www.beykarsan.com\/?product=bmc-pro-sac-kapak-tomruk-kasasi\",\"url\":\"https:\/\/www.beykarsan.com\/?product=bmc-pro-sac-kapak-tomruk-kasasi\",\"name\":\"BMC 827 PRO SAC KAPAK BORU YERL\u0130 TOMRUK KASASI - BEYKARSAN KAROSER VE DAMPER SANAY\u0130\",\"isPartOf\":{\"@id\":\"https:\/\/www.beykarsan.com\/#website\"},\"datePublished\":\"2024-03-21T19:44:46+00:00\",\"dateModified\":\"2025-07-05T13:52:56+00:00\",\"description\":\"BMC 827 PRO SAC KAPAK BORU YERL\u0130 TOMRUK KASASI \u00d6ZEL \u0130MALAT KASAMIZ!\",\"breadcrumb\":{\"@id\":\"https:\/\/www.beykarsan.com\/?product=bmc-pro-sac-kapak-tomruk-kasasi#breadcrumb\"},\"inLanguage\":\"tr\",\"potentialAction\":[{\"@type\":\"ReadAction\",\"target\":[\"https:\/\/www.beykarsan.com\/?product=bmc-pro-sac-kapak-tomruk-kasasi\"]}]},{\"@type\":\"BreadcrumbList\",\"@id\":\"https:\/\/www.beykarsan.com\/?product=bmc-pro-sac-kapak-tomruk-kasasi#breadcrumb\",\"itemListElement\":[{\"@type\":\"ListItem\",\"position\":1,\"name\":\"Anasayfa\",\"item\":\"https:\/\/www.beykarsan.com\/\"},{\"@type\":\"ListItem\",\"position\":2,\"name\":\"BMC 827 PRO SAC KAPAK BORU YERL\u0130 TOMRUK KASASI\"}]},{\"@type\":\"WebSite\",\"@id\":\"https:\/\/www.beykarsan.com\/#website\",\"url\":\"https:\/\/www.beykarsan.com\/\",\"name\":\"BEYKARSAN KAROSER VE DAMPER SANAY\u0130\",\"description\":\"\u00dcSTYAPININ G\u00dcVEN\u0130L\u0130R ADRES\u0130\",\"publisher\":{\"@id\":\"https:\/\/www.beykarsan.com\/#organization\"},\"potentialAction\":[{\"@type\":\"SearchAction\",\"target\":{\"@type\":\"EntryPoint\",\"urlTemplate\":\"https:\/\/www.beykarsan.com\/?s={search_term_string}\"},\"query-input\":\"required name=search_term_string\"}],\"inLanguage\":\"tr\"},{\"@type\":\"Organization\",\"@id\":\"https:\/\/www.beykarsan.com\/#organization\",\"name\":\"BEYKARSAN KAROSER VE DAMPER SANAY\u0130\",\"url\":\"https:\/\/www.beykarsan.com\/\",\"logo\":{\"@type\":\"ImageObject\",\"inLanguage\":\"tr\",\"@id\":\"https:\/\/www.beykarsan.com\/#\/schema\/logo\/image\/\",\"url\":\"https:\/\/www.beykarsan.com\/wp-content\/uploads\/2020\/12\/cropped-beykarsan-logo.png\",\"contentUrl\":\"https:\/\/www.beykarsan.com\/wp-content\/uploads\/2020\/12\/cropped-beykarsan-logo.png\",\"width\":512,\"height\":512,\"caption\":\"BEYKARSAN KAROSER VE DAMPER SANAY\u0130\"},\"image\":{\"@id\":\"https:\/\/www.beykarsan.com\/#\/schema\/logo\/image\/\"},\"sameAs\":[\"https:\/\/www.facebook.com\/profile.php?id=100050422414160\",\"https:\/\/www.instagram.com\/beykarsankaroserdamper\/\"]}]}<\/script>\n<!-- \/ Yoast SEO plugin. -->","yoast_head_json":{"title":"BMC 827 PRO SAC KAPAK BORU YERL\u0130 TOMRUK KASASI - BEYKARSAN KAROSER VE DAMPER SANAY\u0130","description":"BMC 827 PRO SAC KAPAK BORU YERL\u0130 TOMRUK KASASI \u00d6ZEL \u0130MALAT KASAMIZ!","robots":{"index":"index","follow":"follow","max-snippet":"max-snippet:-1","max-image-preview":"max-image-preview:large","max-video-preview":"max-video-preview:-1"},"canonical":"https:\/\/www.beykarsan.com\/?product=bmc-pro-sac-kapak-tomruk-kasasi","og_locale":"tr_TR","og_type":"article","og_title":"BMC 827 PRO SAC KAPAK BORU YERL\u0130 TOMRUK KASASI - BEYKARSAN KAROSER VE DAMPER SANAY\u0130","og_description":"BMC 827 PRO SAC KAPAK BORU YERL\u0130 TOMRUK KASASI \u00d6ZEL \u0130MALAT KASAMIZ!","og_url":"https:\/\/www.beykarsan.com\/?product=bmc-pro-sac-kapak-tomruk-kasasi","og_site_name":"BEYKARSAN KAROSER VE DAMPER SANAY\u0130","article_publisher":"https:\/\/www.facebook.com\/profile.php?id=100050422414160","article_modified_time":"2025-07-05T13:52:56+00:00","og_image":[{"width":4032,"height":3024,"url":"https:\/\/www.beykarsan.com\/wp-content\/uploads\/2024\/03\/IMG_5390.jpg","type":"image\/jpeg"}],"twitter_card":"summary_large_image","twitter_misc":{"Tahmini okuma s\u00fcresi":"1 dakika"},"schema":{"@context":"https:\/\/schema.org","@graph":[{"@type":"WebPage","@id":"https:\/\/www.beykarsan.com\/?product=bmc-pro-sac-kapak-tomruk-kasasi","url":"https:\/\/www.beykarsan.com\/?product=bmc-pro-sac-kapak-tomruk-kasasi","name":"BMC 827 PRO SAC KAPAK BORU YERL\u0130 TOMRUK KASASI - BEYKARSAN KAROSER VE DAMPER SANAY\u0130","isPartOf":{"@id":"https:\/\/www.beykarsan.com\/#website"},"datePublished":"2024-03-21T19:44:46+00:00","dateModified":"2025-07-05T13:52:56+00:00","description":"BMC 827 PRO SAC KAPAK BORU YERL\u0130 TOMRUK KASASI \u00d6ZEL \u0130MALAT KASAMIZ!","breadcrumb":{"@id":"https:\/\/www.beykarsan.com\/?product=bmc-pro-sac-kapak-tomruk-kasasi#breadcrumb"},"inLanguage":"tr","potentialAction":[{"@type":"ReadAction","target":["https:\/\/www.beykarsan.com\/?product=bmc-pro-sac-kapak-tomruk-kasasi"]}]},{"@type":"BreadcrumbList","@id":"https:\/\/www.beykarsan.com\/?product=bmc-pro-sac-kapak-tomruk-kasasi#breadcrumb","itemListElement":[{"@type":"ListItem","position":1,"name":"Anasayfa","item":"https:\/\/www.beykarsan.com\/"},{"@type":"ListItem","position":2,"name":"BMC 827 PRO SAC KAPAK BORU YERL\u0130 TOMRUK KASASI"}]},{"@type":"WebSite","@id":"https:\/\/www.beykarsan.com\/#website","url":"https:\/\/www.beykarsan.com\/","name":"BEYKARSAN KAROSER VE DAMPER SANAY\u0130","description":"\u00dcSTYAPININ G\u00dcVEN\u0130L\u0130R ADRES\u0130","publisher":{"@id":"https:\/\/www.beykarsan.com\/#organization"},"potentialAction":[{"@type":"SearchAction","target":{"@type":"EntryPoint","urlTemplate":"https:\/\/www.beykarsan.com\/?s={search_term_string}"},"query-input":"required name=search_term_string"}],"inLanguage":"tr"},{"@type":"Organization","@id":"https:\/\/www.beykarsan.com\/#organization","name":"BEYKARSAN KAROSER VE DAMPER SANAY\u0130","url":"https:\/\/www.beykarsan.com\/","logo":{"@type":"ImageObject","inLanguage":"tr","@id":"https:\/\/www.beykarsan.com\/#\/schema\/logo\/image\/","url":"https:\/\/www.beykarsan.com\/wp-content\/uploads\/2020\/12\/cropped-beykarsan-logo.png","contentUrl":"https:\/\/www.beykarsan.com\/wp-content\/uploads\/2020\/12\/cropped-beykarsan-logo.png","width":512,"height":512,"caption":"BEYKARSAN KAROSER VE DAMPER SANAY\u0130"},"image":{"@id":"https:\/\/www.beykarsan.com\/#\/schema\/logo\/image\/"},"sameAs":["https:\/\/www.facebook.com\/profile.php?id=100050422414160","https:\/\/www.instagram.com\/beykarsankaroserdamper\/"]}]}},"_links":{"self":[{"href":"https:\/\/www.beykarsan.com\/index.php?rest_route=\/wp\/v2\/product\/592","targetHints":{"allow":["GET"]}}],"collection":[{"href":"https:\/\/www.beykarsan.com\/index.php?rest_route=\/wp\/v2\/product"}],"about":[{"href":"https:\/\/www.beykarsan.com\/index.php?rest_route=\/wp\/v2\/types\/product"}],"replies":[{"embeddable":true,"href":"https:\/\/www.beykarsan.com\/index.php?rest_route=%2Fwp%2Fv2%2Fcomments&post=592"}],"wp:featuredmedia":[{"embeddable":true,"href":"https:\/\/www.beykarsan.com\/index.php?rest_route=\/wp\/v2\/media\/590"}],"wp:attachment":[{"href":"https:\/\/www.beykarsan.com\/index.php?rest_route=%2Fwp%2Fv2%2Fmedia&parent=592"}],"wp:term":[{"taxonomy":"product_cat","embeddable":true,"href":"https:\/\/www.beykarsan.com\/index.php?rest_route=%2Fwp%2Fv2%2Fproduct_cat&post=592"},{"taxonomy":"product_tag","embeddable":true,"href":"https:\/\/www.beykarsan.com\/index.php?rest_route=%2Fwp%2Fv2%2Fproduct_tag&post=592"}],"curies":[{"name":"wp","href":"https:\/\/api.w.org\/{rel}","templated":true}]}}