{"id":586,"date":"2024-03-21T22:34:12","date_gmt":"2024-03-21T19:34:12","guid":{"rendered":"https:\/\/www.beykarsan.com\/?post_type=product&#038;p=586"},"modified":"2024-03-22T18:46:37","modified_gmt":"2024-03-22T15:46:37","slug":"bmc-fatih-ahsap-damper-kasa","status":"publish","type":"product","link":"https:\/\/www.beykarsan.com\/?product=bmc-fatih-ahsap-damper-kasa","title":{"rendered":"BMC FAT\u0130H \u0130NTERCOOLER 200 26 \u00c7\u0130FT \u0130LAVEL\u0130 AH\u015eAP KAPAK DAMPER KASA"},"content":{"rendered":"<div class=\"flexslider ewic-slider-lite is_on_\" id=\"ewic-con-57869e37e2d2fa5c\"><style>#ewic-con-57869e37e2d2fa5c .flex-direction-nav .flex-next, #ewic-con-57869e37e2d2fa5c .flex-direction-nav .flex-prev {opacity: 1;} #ewic-con-57869e37e2d2fa5c .flex-direction-nav .flex-next {right: 10px !important; text-align: right !important;} #ewic-con-57869e37e2d2fa5c .flex-direction-nav .flex-prev {left: 10px !important;}<\/style><div id=\"preloader-57869e37e2d2fa5c\" class=\"sliderpreloader\"><\/div><ul style=\"display:none;\" class=\"slides flexslider-57869e37e2d2fa5c\"><li class=\"ewic-slider\"><a href=\"https:\/\/www.beykarsan.com\/wp-content\/uploads\/2024\/03\/IMG_53871.jpg\" title=\"BMC FAT\u0130H AH\u015eAP DAMPER KASA\" rel=\"ewicprettyPhoto[57869e37e2d2fa5c]\"><img decoding=\"async\" title=\"BMC FAT\u0130H AH\u015eAP DAMPER KASA\" class=\"ewic-wid-imgs\" src=\"https:\/\/www.beykarsan.com\/wp-content\/uploads\/2024\/03\/IMG_53871.jpg\" \/><p class=\"flex-caption\">BMC FAT\u0130H AH\u015eAP DAMPER KASA<\/p><\/a><\/li><li class=\"ewic-slider\"><a href=\"https:\/\/www.beykarsan.com\/wp-content\/uploads\/2024\/03\/IMG_53861.jpg\" title=\"BMC FAT\u0130H AH\u015eAP DAMPER KASA\" rel=\"ewicprettyPhoto[57869e37e2d2fa5c]\"><img decoding=\"async\" title=\"BMC FAT\u0130H AH\u015eAP DAMPER KASA\" class=\"ewic-wid-imgs\" src=\"https:\/\/www.beykarsan.com\/wp-content\/uploads\/2024\/03\/IMG_53861.jpg\" \/><p class=\"flex-caption\">BMC FAT\u0130H AH\u015eAP DAMPER KASA<\/p><\/a><\/li><li class=\"ewic-slider\"><a href=\"https:\/\/www.beykarsan.com\/wp-content\/uploads\/2024\/03\/IMG_5385.jpg\" title=\"BMC FAT\u0130H AH\u015eAP DAMPER KASA\" rel=\"ewicprettyPhoto[57869e37e2d2fa5c]\"><img decoding=\"async\" title=\"BMC FAT\u0130H AH\u015eAP DAMPER KASA\" class=\"ewic-wid-imgs\" src=\"https:\/\/www.beykarsan.com\/wp-content\/uploads\/2024\/03\/IMG_5385.jpg\" \/><p class=\"flex-caption\">BMC FAT\u0130H AH\u015eAP DAMPER KASA<\/p><\/a><\/li><li class=\"ewic-slider\"><a href=\"https:\/\/www.beykarsan.com\/wp-content\/uploads\/2024\/03\/IMG_5384.jpg\" title=\"BMC FAT\u0130H AH\u015eAP DAMPER KASA\" rel=\"ewicprettyPhoto[57869e37e2d2fa5c]\"><img decoding=\"async\" title=\"BMC FAT\u0130H AH\u015eAP DAMPER KASA\" class=\"ewic-wid-imgs\" src=\"https:\/\/www.beykarsan.com\/wp-content\/uploads\/2024\/03\/IMG_5384.jpg\" \/><p class=\"flex-caption\">BMC FAT\u0130H AH\u015eAP DAMPER KASA<\/p><\/a><\/li><li class=\"ewic-slider\"><a href=\"https:\/\/www.beykarsan.com\/wp-content\/uploads\/2024\/03\/IMG_5383.jpg\" title=\"BMC FAT\u0130H AH\u015eAP DAMPER KASA\" rel=\"ewicprettyPhoto[57869e37e2d2fa5c]\"><img decoding=\"async\" title=\"BMC FAT\u0130H AH\u015eAP DAMPER KASA\" class=\"ewic-wid-imgs\" src=\"https:\/\/www.beykarsan.com\/wp-content\/uploads\/2024\/03\/IMG_5383.jpg\" \/><p class=\"flex-caption\">BMC FAT\u0130H AH\u015eAP DAMPER KASA<\/p><\/a><\/li><li class=\"ewic-slider\"><a href=\"https:\/\/www.beykarsan.com\/wp-content\/uploads\/2024\/03\/IMG_5382.jpg\" title=\"BMC FAT\u0130H AH\u015eAP DAMPER KASA\" rel=\"ewicprettyPhoto[57869e37e2d2fa5c]\"><img decoding=\"async\" title=\"BMC FAT\u0130H AH\u015eAP DAMPER KASA\" class=\"ewic-wid-imgs\" src=\"https:\/\/www.beykarsan.com\/wp-content\/uploads\/2024\/03\/IMG_5382.jpg\" \/><p class=\"flex-caption\">BMC FAT\u0130H AH\u015eAP DAMPER KASA<\/p><\/a><\/li><li class=\"ewic-slider\"><a href=\"https:\/\/www.beykarsan.com\/wp-content\/uploads\/2024\/03\/IMG_53811.jpg\" title=\"BMC FAT\u0130H AH\u015eAP DAMPER KASA\" rel=\"ewicprettyPhoto[57869e37e2d2fa5c]\"><img decoding=\"async\" title=\"BMC FAT\u0130H AH\u015eAP DAMPER KASA\" class=\"ewic-wid-imgs\" src=\"https:\/\/www.beykarsan.com\/wp-content\/uploads\/2024\/03\/IMG_53811.jpg\" \/><p class=\"flex-caption\">BMC FAT\u0130H AH\u015eAP DAMPER KASA<\/p><\/a><\/li><\/ul><script type=\"text\/javascript\">\r\n\tjQuery(document).ready(function($) {\r\n\r\n\t\t$(\"#preloader-57869e37e2d2fa5c\").fadeOut(500, function () {\r\n\r\n\t\t\t$(\"#ewic-con-57869e37e2d2fa5c\").addClass(\"ready_to_show\");\r\n\r\n\t\t\t$(\"a[rel^='ewicprettyPhoto[57869e37e2d2fa5c]']\").ewcPhoto({\r\n\t\t\t\ttheme: \"ewc_default\",\r\n\t\t\t\tallow_expand: false,\r\n\t\t\t\tdeeplinking: false,\r\n\t\t\t\tslideshow:5000,\r\n\t\t\t\tautoplay_slideshow:true,\r\n\t\t\t\tsocial_tools:false\r\n\t\t\t});\r\n\r\n\t\t\t$(\".flexslider-57869e37e2d2fa5c\").fadeIn(300);\r\n\r\n\t\t\t$(\"#ewic-con-57869e37e2d2fa5c\").flexslider({\r\n\t\t\t\tanimation: \"slide\",\r\n\t\t\t\tanimationSpeed: 0,\r\n\t\t\t\tuseCSS: false,\r\n\t\t\t\teasing: \"easeInQuad\",\r\n\t\t\t\tdirection: \"horizontal\",\r\n\t\t\t\tslideshow: true,\r\n\t\t\t\tsmoothHeight: true,\r\n\t\t\t\tpauseOnHover: true,\r\n\t\t\t\tcontrolNav: false,\r\n\t\t\t\tprevText: \"\",\r\n\t\t\t\tnextText: \"\",\r\n\t\t\t\trtl: false,\r\n\t\t\t\tslideshowSpeed: 5000,\r\n\t\t\t\tstart: function(slider){\r\n\t\t\t\t\t$(\"#ewic-con-57869e37e2d2fa5c\").find(\".flex-caption\").hide();\r\n\t\t\t\t\tvar curSlide = slider.find(\"li.flex-active-slide\");\r\n\t\t\t\t\t$(curSlide).find(\".flex-caption\").slideDown();\r\n\t\t\t\t},\r\n\t\t\t\tbefore: function(slider) {\r\n\t\t\t\t\t$(\"#ewic-con-57869e37e2d2fa5c\").find(\".flex-caption\").slideUp();\r\n\t\t\t\t},\r\n\t\t\t\tafter: function(slider) {\r\n\t\t\t\t\tvar curSlide = slider.find(\"li.flex-active-slide\");\r\n\t\t\t\t\t$(curSlide).find(\".flex-caption\").slideDown();\r\n\t\t\t\t}\r\n\r\n\t\t\t});\r\n\r\n\t\t});\r\n\r\n\t});\r\n<\/script><\/div>\r\n\n","protected":false},"excerpt":{"rendered":"","protected":false},"featured_media":583,"comment_status":"open","ping_status":"closed","template":"","meta":[],"product_cat":[57,52],"product_tag":[103,90,78,82,55,101,102],"class_list":{"0":"post-586","1":"product","2":"type-product","3":"status-publish","4":"has-post-thumbnail","6":"product_cat-bmc-2","7":"product_cat-damper-kasa","8":"product_tag-ahsap-damper-kasa","9":"product_tag-ankara","10":"product_tag-beykarsan","11":"product_tag-beypazari-beykarsan","12":"product_tag-bmc","13":"product_tag-fatih","14":"product_tag-intercooler","16":"first","17":"instock","18":"shipping-taxable","19":"product-type-simple"},"yoast_head":"<!-- This site is optimized with the Yoast SEO plugin v21.1 - https:\/\/yoast.com\/wordpress\/plugins\/seo\/ -->\n<title>BMC FAT\u0130H \u0130NTERCOOLER 200 26 \u00c7\u0130FT \u0130LAVEL\u0130 AH\u015eAP KAPAK DAMPER KASA - BEYKARSAN KAROSER VE DAMPER SANAY\u0130<\/title>\n<meta name=\"description\" content=\"BMC FAT\u0130H \u0130NTERCOOLER 200 26 \u00c7\u0130FT \u0130LAVEL\u0130 AH\u015eAP KAPAK DAMPER KASA \u00c7ALI\u015eMAMIZ!\" \/>\n<meta name=\"robots\" content=\"index, follow, max-snippet:-1, max-image-preview:large, max-video-preview:-1\" \/>\n<link rel=\"canonical\" href=\"https:\/\/www.beykarsan.com\/?product=bmc-fatih-ahsap-damper-kasa\" \/>\n<meta property=\"og:locale\" content=\"tr_TR\" \/>\n<meta property=\"og:type\" content=\"article\" \/>\n<meta property=\"og:title\" content=\"BMC FAT\u0130H \u0130NTERCOOLER 200 26 \u00c7\u0130FT \u0130LAVEL\u0130 AH\u015eAP KAPAK DAMPER KASA - BEYKARSAN KAROSER VE DAMPER SANAY\u0130\" \/>\n<meta property=\"og:description\" content=\"BMC FAT\u0130H \u0130NTERCOOLER 200 26 \u00c7\u0130FT \u0130LAVEL\u0130 AH\u015eAP KAPAK DAMPER KASA \u00c7ALI\u015eMAMIZ!\" \/>\n<meta property=\"og:url\" content=\"https:\/\/www.beykarsan.com\/?product=bmc-fatih-ahsap-damper-kasa\" \/>\n<meta property=\"og:site_name\" content=\"BEYKARSAN KAROSER VE DAMPER SANAY\u0130\" \/>\n<meta property=\"article:publisher\" content=\"https:\/\/www.facebook.com\/profile.php?id=100050422414160\" \/>\n<meta property=\"article:modified_time\" content=\"2024-03-22T15:46:37+00:00\" \/>\n<meta property=\"og:image\" content=\"https:\/\/www.beykarsan.com\/wp-content\/uploads\/2024\/03\/IMG_5383.jpg\" \/>\n\t<meta property=\"og:image:width\" content=\"4032\" \/>\n\t<meta property=\"og:image:height\" content=\"3024\" \/>\n\t<meta property=\"og:image:type\" content=\"image\/jpeg\" \/>\n<meta name=\"twitter:card\" content=\"summary_large_image\" \/>\n<meta name=\"twitter:label1\" content=\"Tahmini okuma s\u00fcresi\" \/>\n\t<meta name=\"twitter:data1\" content=\"1 dakika\" \/>\n<script type=\"application\/ld+json\" class=\"yoast-schema-graph\">{\"@context\":\"https:\/\/schema.org\",\"@graph\":[{\"@type\":\"WebPage\",\"@id\":\"https:\/\/www.beykarsan.com\/?product=bmc-fatih-ahsap-damper-kasa\",\"url\":\"https:\/\/www.beykarsan.com\/?product=bmc-fatih-ahsap-damper-kasa\",\"name\":\"BMC FAT\u0130H \u0130NTERCOOLER 200 26 \u00c7\u0130FT \u0130LAVEL\u0130 AH\u015eAP KAPAK DAMPER KASA - BEYKARSAN KAROSER VE DAMPER SANAY\u0130\",\"isPartOf\":{\"@id\":\"https:\/\/www.beykarsan.com\/#website\"},\"datePublished\":\"2024-03-21T19:34:12+00:00\",\"dateModified\":\"2024-03-22T15:46:37+00:00\",\"description\":\"BMC FAT\u0130H \u0130NTERCOOLER 200 26 \u00c7\u0130FT \u0130LAVEL\u0130 AH\u015eAP KAPAK DAMPER KASA \u00c7ALI\u015eMAMIZ!\",\"breadcrumb\":{\"@id\":\"https:\/\/www.beykarsan.com\/?product=bmc-fatih-ahsap-damper-kasa#breadcrumb\"},\"inLanguage\":\"tr\",\"potentialAction\":[{\"@type\":\"ReadAction\",\"target\":[\"https:\/\/www.beykarsan.com\/?product=bmc-fatih-ahsap-damper-kasa\"]}]},{\"@type\":\"BreadcrumbList\",\"@id\":\"https:\/\/www.beykarsan.com\/?product=bmc-fatih-ahsap-damper-kasa#breadcrumb\",\"itemListElement\":[{\"@type\":\"ListItem\",\"position\":1,\"name\":\"Anasayfa\",\"item\":\"https:\/\/www.beykarsan.com\/\"},{\"@type\":\"ListItem\",\"position\":2,\"name\":\"BMC FAT\u0130H \u0130NTERCOOLER 200 26 \u00c7\u0130FT \u0130LAVEL\u0130 AH\u015eAP KAPAK DAMPER KASA\"}]},{\"@type\":\"WebSite\",\"@id\":\"https:\/\/www.beykarsan.com\/#website\",\"url\":\"https:\/\/www.beykarsan.com\/\",\"name\":\"BEYKARSAN KAROSER VE DAMPER SANAY\u0130\",\"description\":\"\u00dcSTYAPININ G\u00dcVEN\u0130L\u0130R ADRES\u0130\",\"publisher\":{\"@id\":\"https:\/\/www.beykarsan.com\/#organization\"},\"potentialAction\":[{\"@type\":\"SearchAction\",\"target\":{\"@type\":\"EntryPoint\",\"urlTemplate\":\"https:\/\/www.beykarsan.com\/?s={search_term_string}\"},\"query-input\":\"required name=search_term_string\"}],\"inLanguage\":\"tr\"},{\"@type\":\"Organization\",\"@id\":\"https:\/\/www.beykarsan.com\/#organization\",\"name\":\"BEYKARSAN KAROSER VE DAMPER SANAY\u0130\",\"url\":\"https:\/\/www.beykarsan.com\/\",\"logo\":{\"@type\":\"ImageObject\",\"inLanguage\":\"tr\",\"@id\":\"https:\/\/www.beykarsan.com\/#\/schema\/logo\/image\/\",\"url\":\"https:\/\/www.beykarsan.com\/wp-content\/uploads\/2020\/12\/cropped-beykarsan-logo.png\",\"contentUrl\":\"https:\/\/www.beykarsan.com\/wp-content\/uploads\/2020\/12\/cropped-beykarsan-logo.png\",\"width\":512,\"height\":512,\"caption\":\"BEYKARSAN KAROSER VE DAMPER SANAY\u0130\"},\"image\":{\"@id\":\"https:\/\/www.beykarsan.com\/#\/schema\/logo\/image\/\"},\"sameAs\":[\"https:\/\/www.facebook.com\/profile.php?id=100050422414160\",\"https:\/\/www.instagram.com\/beykarsankaroserdamper\/\"]}]}<\/script>\n<!-- \/ Yoast SEO plugin. -->","yoast_head_json":{"title":"BMC FAT\u0130H \u0130NTERCOOLER 200 26 \u00c7\u0130FT \u0130LAVEL\u0130 AH\u015eAP KAPAK DAMPER KASA - BEYKARSAN KAROSER VE DAMPER SANAY\u0130","description":"BMC FAT\u0130H \u0130NTERCOOLER 200 26 \u00c7\u0130FT \u0130LAVEL\u0130 AH\u015eAP KAPAK DAMPER KASA \u00c7ALI\u015eMAMIZ!","robots":{"index":"index","follow":"follow","max-snippet":"max-snippet:-1","max-image-preview":"max-image-preview:large","max-video-preview":"max-video-preview:-1"},"canonical":"https:\/\/www.beykarsan.com\/?product=bmc-fatih-ahsap-damper-kasa","og_locale":"tr_TR","og_type":"article","og_title":"BMC FAT\u0130H \u0130NTERCOOLER 200 26 \u00c7\u0130FT \u0130LAVEL\u0130 AH\u015eAP KAPAK DAMPER KASA - BEYKARSAN KAROSER VE DAMPER SANAY\u0130","og_description":"BMC FAT\u0130H \u0130NTERCOOLER 200 26 \u00c7\u0130FT \u0130LAVEL\u0130 AH\u015eAP KAPAK DAMPER KASA \u00c7ALI\u015eMAMIZ!","og_url":"https:\/\/www.beykarsan.com\/?product=bmc-fatih-ahsap-damper-kasa","og_site_name":"BEYKARSAN KAROSER VE DAMPER SANAY\u0130","article_publisher":"https:\/\/www.facebook.com\/profile.php?id=100050422414160","article_modified_time":"2024-03-22T15:46:37+00:00","og_image":[{"width":4032,"height":3024,"url":"https:\/\/www.beykarsan.com\/wp-content\/uploads\/2024\/03\/IMG_5383.jpg","type":"image\/jpeg"}],"twitter_card":"summary_large_image","twitter_misc":{"Tahmini okuma s\u00fcresi":"1 dakika"},"schema":{"@context":"https:\/\/schema.org","@graph":[{"@type":"WebPage","@id":"https:\/\/www.beykarsan.com\/?product=bmc-fatih-ahsap-damper-kasa","url":"https:\/\/www.beykarsan.com\/?product=bmc-fatih-ahsap-damper-kasa","name":"BMC FAT\u0130H \u0130NTERCOOLER 200 26 \u00c7\u0130FT \u0130LAVEL\u0130 AH\u015eAP KAPAK DAMPER KASA - BEYKARSAN KAROSER VE DAMPER SANAY\u0130","isPartOf":{"@id":"https:\/\/www.beykarsan.com\/#website"},"datePublished":"2024-03-21T19:34:12+00:00","dateModified":"2024-03-22T15:46:37+00:00","description":"BMC FAT\u0130H \u0130NTERCOOLER 200 26 \u00c7\u0130FT \u0130LAVEL\u0130 AH\u015eAP KAPAK DAMPER KASA \u00c7ALI\u015eMAMIZ!","breadcrumb":{"@id":"https:\/\/www.beykarsan.com\/?product=bmc-fatih-ahsap-damper-kasa#breadcrumb"},"inLanguage":"tr","potentialAction":[{"@type":"ReadAction","target":["https:\/\/www.beykarsan.com\/?product=bmc-fatih-ahsap-damper-kasa"]}]},{"@type":"BreadcrumbList","@id":"https:\/\/www.beykarsan.com\/?product=bmc-fatih-ahsap-damper-kasa#breadcrumb","itemListElement":[{"@type":"ListItem","position":1,"name":"Anasayfa","item":"https:\/\/www.beykarsan.com\/"},{"@type":"ListItem","position":2,"name":"BMC FAT\u0130H \u0130NTERCOOLER 200 26 \u00c7\u0130FT \u0130LAVEL\u0130 AH\u015eAP KAPAK DAMPER KASA"}]},{"@type":"WebSite","@id":"https:\/\/www.beykarsan.com\/#website","url":"https:\/\/www.beykarsan.com\/","name":"BEYKARSAN KAROSER VE DAMPER SANAY\u0130","description":"\u00dcSTYAPININ G\u00dcVEN\u0130L\u0130R ADRES\u0130","publisher":{"@id":"https:\/\/www.beykarsan.com\/#organization"},"potentialAction":[{"@type":"SearchAction","target":{"@type":"EntryPoint","urlTemplate":"https:\/\/www.beykarsan.com\/?s={search_term_string}"},"query-input":"required name=search_term_string"}],"inLanguage":"tr"},{"@type":"Organization","@id":"https:\/\/www.beykarsan.com\/#organization","name":"BEYKARSAN KAROSER VE DAMPER SANAY\u0130","url":"https:\/\/www.beykarsan.com\/","logo":{"@type":"ImageObject","inLanguage":"tr","@id":"https:\/\/www.beykarsan.com\/#\/schema\/logo\/image\/","url":"https:\/\/www.beykarsan.com\/wp-content\/uploads\/2020\/12\/cropped-beykarsan-logo.png","contentUrl":"https:\/\/www.beykarsan.com\/wp-content\/uploads\/2020\/12\/cropped-beykarsan-logo.png","width":512,"height":512,"caption":"BEYKARSAN KAROSER VE DAMPER SANAY\u0130"},"image":{"@id":"https:\/\/www.beykarsan.com\/#\/schema\/logo\/image\/"},"sameAs":["https:\/\/www.facebook.com\/profile.php?id=100050422414160","https:\/\/www.instagram.com\/beykarsankaroserdamper\/"]}]}},"_links":{"self":[{"href":"https:\/\/www.beykarsan.com\/index.php?rest_route=\/wp\/v2\/product\/586","targetHints":{"allow":["GET"]}}],"collection":[{"href":"https:\/\/www.beykarsan.com\/index.php?rest_route=\/wp\/v2\/product"}],"about":[{"href":"https:\/\/www.beykarsan.com\/index.php?rest_route=\/wp\/v2\/types\/product"}],"replies":[{"embeddable":true,"href":"https:\/\/www.beykarsan.com\/index.php?rest_route=%2Fwp%2Fv2%2Fcomments&post=586"}],"wp:featuredmedia":[{"embeddable":true,"href":"https:\/\/www.beykarsan.com\/index.php?rest_route=\/wp\/v2\/media\/583"}],"wp:attachment":[{"href":"https:\/\/www.beykarsan.com\/index.php?rest_route=%2Fwp%2Fv2%2Fmedia&parent=586"}],"wp:term":[{"taxonomy":"product_cat","embeddable":true,"href":"https:\/\/www.beykarsan.com\/index.php?rest_route=%2Fwp%2Fv2%2Fproduct_cat&post=586"},{"taxonomy":"product_tag","embeddable":true,"href":"https:\/\/www.beykarsan.com\/index.php?rest_route=%2Fwp%2Fv2%2Fproduct_tag&post=586"}],"curies":[{"name":"wp","href":"https:\/\/api.w.org\/{rel}","templated":true}]}}