{"id":564,"date":"2024-03-21T18:28:53","date_gmt":"2024-03-21T15:28:53","guid":{"rendered":"https:\/\/www.beykarsan.com\/?post_type=product&#038;p=564"},"modified":"2024-03-21T18:58:08","modified_gmt":"2024-03-21T15:58:08","slug":"otokar-atlas-cift-ilaveli-sac-damper-kasa","status":"publish","type":"product","link":"https:\/\/www.beykarsan.com\/?product=otokar-atlas-cift-ilaveli-sac-damper-kasa","title":{"rendered":"OTOKAR ATLAS \u00c7\u0130FT \u0130LAVEL\u0130 SAC DAMPER KASA"},"content":{"rendered":"<div class=\"flexslider ewic-slider-lite is_on_\" id=\"ewic-con-55669e395d0850a3\"><style>#ewic-con-55669e395d0850a3 .flex-direction-nav .flex-next, #ewic-con-55669e395d0850a3 .flex-direction-nav .flex-prev {opacity: 1;} #ewic-con-55669e395d0850a3 .flex-direction-nav .flex-next {right: 10px !important; text-align: right !important;} #ewic-con-55669e395d0850a3 .flex-direction-nav .flex-prev {left: 10px !important;}<\/style><div id=\"preloader-55669e395d0850a3\" class=\"sliderpreloader\"><\/div><ul style=\"display:none;\" class=\"slides flexslider-55669e395d0850a3\"><li class=\"ewic-slider\"><a href=\"https:\/\/www.beykarsan.com\/wp-content\/uploads\/2024\/03\/6d5f7e44-17ef-48bf-9198-f4673769c523.jpg\" title=\"OTOKAR ATLAS\" rel=\"ewicprettyPhoto[55669e395d0850a3]\"><img decoding=\"async\" title=\"OTOKAR ATLAS\" class=\"ewic-wid-imgs\" src=\"https:\/\/www.beykarsan.com\/wp-content\/uploads\/2024\/03\/6d5f7e44-17ef-48bf-9198-f4673769c523.jpg\" \/><p class=\"flex-caption\">OTOKAR ATLAS<\/p><\/a><\/li><li class=\"ewic-slider\"><a href=\"https:\/\/www.beykarsan.com\/wp-content\/uploads\/2024\/03\/8b2d0dfb-83a5-433a-9405-9ac505079a4b.jpg\" title=\"OTAKAR ATLAS DAMPER\" rel=\"ewicprettyPhoto[55669e395d0850a3]\"><img decoding=\"async\" title=\"OTAKAR ATLAS DAMPER\" class=\"ewic-wid-imgs\" src=\"https:\/\/www.beykarsan.com\/wp-content\/uploads\/2024\/03\/8b2d0dfb-83a5-433a-9405-9ac505079a4b.jpg\" \/><p class=\"flex-caption\">OTAKAR ATLAS DAMPER<\/p><\/a><\/li><li class=\"ewic-slider\"><a href=\"https:\/\/www.beykarsan.com\/wp-content\/uploads\/2024\/03\/4779e310-6935-40ac-94f0-9766bf10c5ab.jpg\" title=\"OTAKAR ATLAS DAMPER KASA\" rel=\"ewicprettyPhoto[55669e395d0850a3]\"><img decoding=\"async\" title=\"OTAKAR ATLAS DAMPER KASA\" class=\"ewic-wid-imgs\" src=\"https:\/\/www.beykarsan.com\/wp-content\/uploads\/2024\/03\/4779e310-6935-40ac-94f0-9766bf10c5ab.jpg\" \/><p class=\"flex-caption\">OTAKAR ATLAS DAMPER KASA<\/p><\/a><\/li><li class=\"ewic-slider\"><a href=\"https:\/\/www.beykarsan.com\/wp-content\/uploads\/2024\/03\/cb42b789-6c92-4b93-a1cb-da6164756d2d.jpg\" title=\"OTAKAR ATLAS SAC DAMPER KASA\" rel=\"ewicprettyPhoto[55669e395d0850a3]\"><img decoding=\"async\" title=\"OTAKAR ATLAS SAC DAMPER KASA\" class=\"ewic-wid-imgs\" src=\"https:\/\/www.beykarsan.com\/wp-content\/uploads\/2024\/03\/cb42b789-6c92-4b93-a1cb-da6164756d2d.jpg\" \/><p class=\"flex-caption\">OTAKAR ATLAS SAC DAMPER KASA<\/p><\/a><\/li><\/ul><script type=\"text\/javascript\">\r\n\tjQuery(document).ready(function($) {\r\n\r\n\t\t$(\"#preloader-55669e395d0850a3\").fadeOut(500, function () {\r\n\r\n\t\t\t$(\"#ewic-con-55669e395d0850a3\").addClass(\"ready_to_show\");\r\n\r\n\t\t\t$(\"a[rel^='ewicprettyPhoto[55669e395d0850a3]']\").ewcPhoto({\r\n\t\t\t\ttheme: \"ewc_default\",\r\n\t\t\t\tallow_expand: false,\r\n\t\t\t\tdeeplinking: false,\r\n\t\t\t\tslideshow:5000,\r\n\t\t\t\tautoplay_slideshow:true,\r\n\t\t\t\tsocial_tools:false\r\n\t\t\t});\r\n\r\n\t\t\t$(\".flexslider-55669e395d0850a3\").fadeIn(300);\r\n\r\n\t\t\t$(\"#ewic-con-55669e395d0850a3\").flexslider({\r\n\t\t\t\tanimation: \"slide\",\r\n\t\t\t\tanimationSpeed: 0,\r\n\t\t\t\tuseCSS: false,\r\n\t\t\t\teasing: \"easeInExpo\",\r\n\t\t\t\tdirection: \"horizontal\",\r\n\t\t\t\tslideshow: true,\r\n\t\t\t\tsmoothHeight: true,\r\n\t\t\t\tpauseOnHover: true,\r\n\t\t\t\tcontrolNav: false,\r\n\t\t\t\tprevText: \"\",\r\n\t\t\t\tnextText: \"\",\r\n\t\t\t\trtl: false,\r\n\t\t\t\tslideshowSpeed: 5000,\r\n\t\t\t\tstart: function(slider){\r\n\t\t\t\t\t$(\"#ewic-con-55669e395d0850a3\").find(\".flex-caption\").hide();\r\n\t\t\t\t\tvar curSlide = slider.find(\"li.flex-active-slide\");\r\n\t\t\t\t\t$(curSlide).find(\".flex-caption\").slideDown();\r\n\t\t\t\t},\r\n\t\t\t\tbefore: function(slider) {\r\n\t\t\t\t\t$(\"#ewic-con-55669e395d0850a3\").find(\".flex-caption\").slideUp();\r\n\t\t\t\t},\r\n\t\t\t\tafter: function(slider) {\r\n\t\t\t\t\tvar curSlide = slider.find(\"li.flex-active-slide\");\r\n\t\t\t\t\t$(curSlide).find(\".flex-caption\").slideDown();\r\n\t\t\t\t}\r\n\r\n\t\t\t});\r\n\r\n\t\t});\r\n\r\n\t});\r\n<\/script><\/div>\r\n\n","protected":false},"excerpt":{"rendered":"","protected":false},"featured_media":558,"comment_status":"open","ping_status":"closed","template":"","meta":[],"product_cat":[44,52],"product_tag":[90,92,78,77,53,68,63,93,91],"class_list":{"0":"post-564","1":"product","2":"type-product","3":"status-publish","4":"has-post-thumbnail","6":"product_cat-genel-2","7":"product_cat-damper-kasa","8":"product_tag-ankara","9":"product_tag-atlas","10":"product_tag-beykarsan","11":"product_tag-beypazari","12":"product_tag-damper","13":"product_tag-damper-karoser","14":"product_tag-karoser","15":"product_tag-kasa","16":"product_tag-otakar","18":"first","19":"instock","20":"shipping-taxable","21":"product-type-simple"},"yoast_head":"<!-- This site is optimized with the Yoast SEO plugin v21.1 - https:\/\/yoast.com\/wordpress\/plugins\/seo\/ -->\n<title>OTOKAR ATLAS \u00c7\u0130FT \u0130LAVEL\u0130 SAC DAMPER KASA - BEYKARSAN KAROSER VE DAMPER SANAY\u0130<\/title>\n<meta name=\"description\" content=\"OTOKAR ATLAS \u00c7\u0130FT \u0130LAVEL\u0130 SAC SIFIR DAMPER KASA \u0130MALATIMIZI G\u00d6RMEK \u0130\u00c7\u0130N TIKLAYINIZ.\" \/>\n<meta name=\"robots\" content=\"index, follow, max-snippet:-1, max-image-preview:large, max-video-preview:-1\" \/>\n<link rel=\"canonical\" href=\"https:\/\/www.beykarsan.com\/?product=otokar-atlas-cift-ilaveli-sac-damper-kasa\" \/>\n<meta property=\"og:locale\" content=\"tr_TR\" \/>\n<meta property=\"og:type\" content=\"article\" \/>\n<meta property=\"og:title\" content=\"OTOKAR ATLAS \u00c7\u0130FT \u0130LAVEL\u0130 SAC DAMPER KASA - BEYKARSAN KAROSER VE DAMPER SANAY\u0130\" \/>\n<meta property=\"og:description\" content=\"OTOKAR ATLAS \u00c7\u0130FT \u0130LAVEL\u0130 SAC SIFIR DAMPER KASA \u0130MALATIMIZI G\u00d6RMEK \u0130\u00c7\u0130N TIKLAYINIZ.\" \/>\n<meta property=\"og:url\" content=\"https:\/\/www.beykarsan.com\/?product=otokar-atlas-cift-ilaveli-sac-damper-kasa\" \/>\n<meta property=\"og:site_name\" content=\"BEYKARSAN KAROSER VE DAMPER SANAY\u0130\" \/>\n<meta property=\"article:publisher\" content=\"https:\/\/www.facebook.com\/profile.php?id=100050422414160\" \/>\n<meta property=\"article:modified_time\" content=\"2024-03-21T15:58:08+00:00\" \/>\n<meta property=\"og:image\" content=\"https:\/\/www.beykarsan.com\/wp-content\/uploads\/2024\/03\/8b2d0dfb-83a5-433a-9405-9ac505079a4b.jpg\" \/>\n\t<meta property=\"og:image:width\" content=\"1600\" \/>\n\t<meta property=\"og:image:height\" content=\"1200\" \/>\n\t<meta property=\"og:image:type\" content=\"image\/jpeg\" \/>\n<meta name=\"twitter:card\" content=\"summary_large_image\" \/>\n<meta name=\"twitter:label1\" content=\"Tahmini okuma s\u00fcresi\" \/>\n\t<meta name=\"twitter:data1\" content=\"1 dakika\" \/>\n<script type=\"application\/ld+json\" class=\"yoast-schema-graph\">{\"@context\":\"https:\/\/schema.org\",\"@graph\":[{\"@type\":\"WebPage\",\"@id\":\"https:\/\/www.beykarsan.com\/?product=otokar-atlas-cift-ilaveli-sac-damper-kasa\",\"url\":\"https:\/\/www.beykarsan.com\/?product=otokar-atlas-cift-ilaveli-sac-damper-kasa\",\"name\":\"OTOKAR ATLAS \u00c7\u0130FT \u0130LAVEL\u0130 SAC DAMPER KASA - BEYKARSAN KAROSER VE DAMPER SANAY\u0130\",\"isPartOf\":{\"@id\":\"https:\/\/www.beykarsan.com\/#website\"},\"datePublished\":\"2024-03-21T15:28:53+00:00\",\"dateModified\":\"2024-03-21T15:58:08+00:00\",\"description\":\"OTOKAR ATLAS \u00c7\u0130FT \u0130LAVEL\u0130 SAC SIFIR DAMPER KASA \u0130MALATIMIZI G\u00d6RMEK \u0130\u00c7\u0130N TIKLAYINIZ.\",\"breadcrumb\":{\"@id\":\"https:\/\/www.beykarsan.com\/?product=otokar-atlas-cift-ilaveli-sac-damper-kasa#breadcrumb\"},\"inLanguage\":\"tr\",\"potentialAction\":[{\"@type\":\"ReadAction\",\"target\":[\"https:\/\/www.beykarsan.com\/?product=otokar-atlas-cift-ilaveli-sac-damper-kasa\"]}]},{\"@type\":\"BreadcrumbList\",\"@id\":\"https:\/\/www.beykarsan.com\/?product=otokar-atlas-cift-ilaveli-sac-damper-kasa#breadcrumb\",\"itemListElement\":[{\"@type\":\"ListItem\",\"position\":1,\"name\":\"Anasayfa\",\"item\":\"https:\/\/www.beykarsan.com\/\"},{\"@type\":\"ListItem\",\"position\":2,\"name\":\"OTOKAR ATLAS \u00c7\u0130FT \u0130LAVEL\u0130 SAC DAMPER KASA\"}]},{\"@type\":\"WebSite\",\"@id\":\"https:\/\/www.beykarsan.com\/#website\",\"url\":\"https:\/\/www.beykarsan.com\/\",\"name\":\"BEYKARSAN KAROSER VE DAMPER SANAY\u0130\",\"description\":\"\u00dcSTYAPININ G\u00dcVEN\u0130L\u0130R ADRES\u0130\",\"publisher\":{\"@id\":\"https:\/\/www.beykarsan.com\/#organization\"},\"potentialAction\":[{\"@type\":\"SearchAction\",\"target\":{\"@type\":\"EntryPoint\",\"urlTemplate\":\"https:\/\/www.beykarsan.com\/?s={search_term_string}\"},\"query-input\":\"required name=search_term_string\"}],\"inLanguage\":\"tr\"},{\"@type\":\"Organization\",\"@id\":\"https:\/\/www.beykarsan.com\/#organization\",\"name\":\"BEYKARSAN KAROSER VE DAMPER SANAY\u0130\",\"url\":\"https:\/\/www.beykarsan.com\/\",\"logo\":{\"@type\":\"ImageObject\",\"inLanguage\":\"tr\",\"@id\":\"https:\/\/www.beykarsan.com\/#\/schema\/logo\/image\/\",\"url\":\"https:\/\/www.beykarsan.com\/wp-content\/uploads\/2020\/12\/cropped-beykarsan-logo.png\",\"contentUrl\":\"https:\/\/www.beykarsan.com\/wp-content\/uploads\/2020\/12\/cropped-beykarsan-logo.png\",\"width\":512,\"height\":512,\"caption\":\"BEYKARSAN KAROSER VE DAMPER SANAY\u0130\"},\"image\":{\"@id\":\"https:\/\/www.beykarsan.com\/#\/schema\/logo\/image\/\"},\"sameAs\":[\"https:\/\/www.facebook.com\/profile.php?id=100050422414160\",\"https:\/\/www.instagram.com\/beykarsankaroserdamper\/\"]}]}<\/script>\n<!-- \/ Yoast SEO plugin. -->","yoast_head_json":{"title":"OTOKAR ATLAS \u00c7\u0130FT \u0130LAVEL\u0130 SAC DAMPER KASA - BEYKARSAN KAROSER VE DAMPER SANAY\u0130","description":"OTOKAR ATLAS \u00c7\u0130FT \u0130LAVEL\u0130 SAC SIFIR DAMPER KASA \u0130MALATIMIZI G\u00d6RMEK \u0130\u00c7\u0130N TIKLAYINIZ.","robots":{"index":"index","follow":"follow","max-snippet":"max-snippet:-1","max-image-preview":"max-image-preview:large","max-video-preview":"max-video-preview:-1"},"canonical":"https:\/\/www.beykarsan.com\/?product=otokar-atlas-cift-ilaveli-sac-damper-kasa","og_locale":"tr_TR","og_type":"article","og_title":"OTOKAR ATLAS \u00c7\u0130FT \u0130LAVEL\u0130 SAC DAMPER KASA - BEYKARSAN KAROSER VE DAMPER SANAY\u0130","og_description":"OTOKAR ATLAS \u00c7\u0130FT \u0130LAVEL\u0130 SAC SIFIR DAMPER KASA \u0130MALATIMIZI G\u00d6RMEK \u0130\u00c7\u0130N TIKLAYINIZ.","og_url":"https:\/\/www.beykarsan.com\/?product=otokar-atlas-cift-ilaveli-sac-damper-kasa","og_site_name":"BEYKARSAN KAROSER VE DAMPER SANAY\u0130","article_publisher":"https:\/\/www.facebook.com\/profile.php?id=100050422414160","article_modified_time":"2024-03-21T15:58:08+00:00","og_image":[{"width":1600,"height":1200,"url":"https:\/\/www.beykarsan.com\/wp-content\/uploads\/2024\/03\/8b2d0dfb-83a5-433a-9405-9ac505079a4b.jpg","type":"image\/jpeg"}],"twitter_card":"summary_large_image","twitter_misc":{"Tahmini okuma s\u00fcresi":"1 dakika"},"schema":{"@context":"https:\/\/schema.org","@graph":[{"@type":"WebPage","@id":"https:\/\/www.beykarsan.com\/?product=otokar-atlas-cift-ilaveli-sac-damper-kasa","url":"https:\/\/www.beykarsan.com\/?product=otokar-atlas-cift-ilaveli-sac-damper-kasa","name":"OTOKAR ATLAS \u00c7\u0130FT \u0130LAVEL\u0130 SAC DAMPER KASA - BEYKARSAN KAROSER VE DAMPER SANAY\u0130","isPartOf":{"@id":"https:\/\/www.beykarsan.com\/#website"},"datePublished":"2024-03-21T15:28:53+00:00","dateModified":"2024-03-21T15:58:08+00:00","description":"OTOKAR ATLAS \u00c7\u0130FT \u0130LAVEL\u0130 SAC SIFIR DAMPER KASA \u0130MALATIMIZI G\u00d6RMEK \u0130\u00c7\u0130N TIKLAYINIZ.","breadcrumb":{"@id":"https:\/\/www.beykarsan.com\/?product=otokar-atlas-cift-ilaveli-sac-damper-kasa#breadcrumb"},"inLanguage":"tr","potentialAction":[{"@type":"ReadAction","target":["https:\/\/www.beykarsan.com\/?product=otokar-atlas-cift-ilaveli-sac-damper-kasa"]}]},{"@type":"BreadcrumbList","@id":"https:\/\/www.beykarsan.com\/?product=otokar-atlas-cift-ilaveli-sac-damper-kasa#breadcrumb","itemListElement":[{"@type":"ListItem","position":1,"name":"Anasayfa","item":"https:\/\/www.beykarsan.com\/"},{"@type":"ListItem","position":2,"name":"OTOKAR ATLAS \u00c7\u0130FT \u0130LAVEL\u0130 SAC DAMPER KASA"}]},{"@type":"WebSite","@id":"https:\/\/www.beykarsan.com\/#website","url":"https:\/\/www.beykarsan.com\/","name":"BEYKARSAN KAROSER VE DAMPER SANAY\u0130","description":"\u00dcSTYAPININ G\u00dcVEN\u0130L\u0130R ADRES\u0130","publisher":{"@id":"https:\/\/www.beykarsan.com\/#organization"},"potentialAction":[{"@type":"SearchAction","target":{"@type":"EntryPoint","urlTemplate":"https:\/\/www.beykarsan.com\/?s={search_term_string}"},"query-input":"required name=search_term_string"}],"inLanguage":"tr"},{"@type":"Organization","@id":"https:\/\/www.beykarsan.com\/#organization","name":"BEYKARSAN KAROSER VE DAMPER SANAY\u0130","url":"https:\/\/www.beykarsan.com\/","logo":{"@type":"ImageObject","inLanguage":"tr","@id":"https:\/\/www.beykarsan.com\/#\/schema\/logo\/image\/","url":"https:\/\/www.beykarsan.com\/wp-content\/uploads\/2020\/12\/cropped-beykarsan-logo.png","contentUrl":"https:\/\/www.beykarsan.com\/wp-content\/uploads\/2020\/12\/cropped-beykarsan-logo.png","width":512,"height":512,"caption":"BEYKARSAN KAROSER VE DAMPER SANAY\u0130"},"image":{"@id":"https:\/\/www.beykarsan.com\/#\/schema\/logo\/image\/"},"sameAs":["https:\/\/www.facebook.com\/profile.php?id=100050422414160","https:\/\/www.instagram.com\/beykarsankaroserdamper\/"]}]}},"_links":{"self":[{"href":"https:\/\/www.beykarsan.com\/index.php?rest_route=\/wp\/v2\/product\/564","targetHints":{"allow":["GET"]}}],"collection":[{"href":"https:\/\/www.beykarsan.com\/index.php?rest_route=\/wp\/v2\/product"}],"about":[{"href":"https:\/\/www.beykarsan.com\/index.php?rest_route=\/wp\/v2\/types\/product"}],"replies":[{"embeddable":true,"href":"https:\/\/www.beykarsan.com\/index.php?rest_route=%2Fwp%2Fv2%2Fcomments&post=564"}],"wp:featuredmedia":[{"embeddable":true,"href":"https:\/\/www.beykarsan.com\/index.php?rest_route=\/wp\/v2\/media\/558"}],"wp:attachment":[{"href":"https:\/\/www.beykarsan.com\/index.php?rest_route=%2Fwp%2Fv2%2Fmedia&parent=564"}],"wp:term":[{"taxonomy":"product_cat","embeddable":true,"href":"https:\/\/www.beykarsan.com\/index.php?rest_route=%2Fwp%2Fv2%2Fproduct_cat&post=564"},{"taxonomy":"product_tag","embeddable":true,"href":"https:\/\/www.beykarsan.com\/index.php?rest_route=%2Fwp%2Fv2%2Fproduct_tag&post=564"}],"curies":[{"name":"wp","href":"https:\/\/api.w.org\/{rel}","templated":true}]}}