{"id":385,"date":"2022-04-22T19:19:51","date_gmt":"2022-04-22T16:19:51","guid":{"rendered":"http:\/\/www.beykarsan.com\/?post_type=product&#038;p=385"},"modified":"2024-03-22T18:51:13","modified_gmt":"2024-03-22T15:51:13","slug":"mercedes-3229-2-el-acik-sac-tomruk-kasasi","status":"publish","type":"product","link":"https:\/\/www.beykarsan.com\/?product=mercedes-3229-2-el-acik-sac-tomruk-kasasi","title":{"rendered":"Mercedes 3229 2. El A\u00e7\u0131k Sac Tomruk Kasas\u0131"},"content":{"rendered":"","protected":false},"excerpt":{"rendered":"<p><img loading=\"lazy\" decoding=\"async\" class=\"alignnone size-medium wp-image-228\" src=\"http:\/\/www.beykarsan.com\/wp-content\/uploads\/2022\/04\/IMG_6808-300x225.jpeg\" alt=\"\" width=\"300\" height=\"225\" srcset=\"https:\/\/www.beykarsan.com\/wp-content\/uploads\/2022\/04\/IMG_6808-300x225.jpeg 300w, https:\/\/www.beykarsan.com\/wp-content\/uploads\/2022\/04\/IMG_6808-1024x768.jpeg 1024w, https:\/\/www.beykarsan.com\/wp-content\/uploads\/2022\/04\/IMG_6808-768x576.jpeg 768w, https:\/\/www.beykarsan.com\/wp-content\/uploads\/2022\/04\/IMG_6808-1536x1152.jpeg 1536w, https:\/\/www.beykarsan.com\/wp-content\/uploads\/2022\/04\/IMG_6808-2048x1536.jpeg 2048w, https:\/\/www.beykarsan.com\/wp-content\/uploads\/2022\/04\/IMG_6808-600x450.jpeg 600w, https:\/\/www.beykarsan.com\/wp-content\/uploads\/2022\/04\/IMG_6808-213x160.jpeg 213w, https:\/\/www.beykarsan.com\/wp-content\/uploads\/2022\/04\/IMG_6808-820x615.jpeg 820w\" sizes=\"auto, (max-width: 300px) 100vw, 300px\" \/><\/p>\n<p>Beypazar\u0131 Beykarsan<\/p>\n","protected":false},"featured_media":225,"comment_status":"open","ping_status":"closed","template":"","meta":[],"product_cat":[56,51],"product_tag":[62,71,69,58,70],"class_list":{"0":"post-385","1":"product","2":"type-product","3":"status-publish","4":"has-post-thumbnail","6":"product_cat-mercedes","7":"product_cat-tomruk-kasasi","8":"product_tag-2-el","9":"product_tag-71","10":"product_tag-acik-sac-kasa","11":"product_tag-mercedes-2","12":"product_tag-tomruk-kasasi-2","14":"first","15":"instock","16":"downloadable","17":"shipping-taxable","18":"product-type-simple"},"yoast_head":"<!-- This site is optimized with the Yoast SEO plugin v21.1 - https:\/\/yoast.com\/wordpress\/plugins\/seo\/ -->\n<title>Mercedes 3229 2. El A\u00e7\u0131k Sac Tomruk Kasas\u0131 - BEYKARSAN KAROSER VE DAMPER SANAY\u0130<\/title>\n<meta name=\"description\" content=\"Mercedes 3229 2. El A\u00e7\u0131k Sac Tomruk Kasas\u0131 \/ Beypazar\u0131 Beykarsan Karoser ve Damper Sanayi yeni karoser imalat\u0131 konusunda uzman ekibiyle hizmet vermektedir.\" \/>\n<meta name=\"robots\" content=\"index, follow, max-snippet:-1, max-image-preview:large, max-video-preview:-1\" \/>\n<link rel=\"canonical\" href=\"https:\/\/www.beykarsan.com\/?product=mercedes-3229-2-el-acik-sac-tomruk-kasasi\" \/>\n<meta property=\"og:locale\" content=\"tr_TR\" \/>\n<meta property=\"og:type\" content=\"article\" \/>\n<meta property=\"og:title\" content=\"Mercedes 3229 2. El A\u00e7\u0131k Sac Tomruk Kasas\u0131 - BEYKARSAN KAROSER VE DAMPER SANAY\u0130\" \/>\n<meta property=\"og:description\" content=\"Mercedes 3229 2. El A\u00e7\u0131k Sac Tomruk Kasas\u0131 \/ Beypazar\u0131 Beykarsan Karoser ve Damper Sanayi yeni karoser imalat\u0131 konusunda uzman ekibiyle hizmet vermektedir.\" \/>\n<meta property=\"og:url\" content=\"https:\/\/www.beykarsan.com\/?product=mercedes-3229-2-el-acik-sac-tomruk-kasasi\" \/>\n<meta property=\"og:site_name\" content=\"BEYKARSAN KAROSER VE DAMPER SANAY\u0130\" \/>\n<meta property=\"article:publisher\" content=\"https:\/\/www.facebook.com\/profile.php?id=100050422414160\" \/>\n<meta property=\"article:modified_time\" content=\"2024-03-22T15:51:13+00:00\" \/>\n<meta property=\"og:image\" content=\"https:\/\/www.beykarsan.com\/wp-content\/uploads\/2022\/04\/IMG_6806-scaled.jpeg\" \/>\n\t<meta property=\"og:image:width\" content=\"2560\" \/>\n\t<meta property=\"og:image:height\" content=\"1920\" \/>\n\t<meta property=\"og:image:type\" content=\"image\/jpeg\" \/>\n<meta name=\"twitter:card\" content=\"summary_large_image\" \/>\n<script type=\"application\/ld+json\" class=\"yoast-schema-graph\">{\"@context\":\"https:\/\/schema.org\",\"@graph\":[{\"@type\":\"WebPage\",\"@id\":\"https:\/\/www.beykarsan.com\/?product=mercedes-3229-2-el-acik-sac-tomruk-kasasi\",\"url\":\"https:\/\/www.beykarsan.com\/?product=mercedes-3229-2-el-acik-sac-tomruk-kasasi\",\"name\":\"Mercedes 3229 2. El A\u00e7\u0131k Sac Tomruk Kasas\u0131 - BEYKARSAN KAROSER VE DAMPER SANAY\u0130\",\"isPartOf\":{\"@id\":\"https:\/\/www.beykarsan.com\/#website\"},\"datePublished\":\"2022-04-22T16:19:51+00:00\",\"dateModified\":\"2024-03-22T15:51:13+00:00\",\"description\":\"Mercedes 3229 2. El A\u00e7\u0131k Sac Tomruk Kasas\u0131 \/ Beypazar\u0131 Beykarsan Karoser ve Damper Sanayi yeni karoser imalat\u0131 konusunda uzman ekibiyle hizmet vermektedir.\",\"breadcrumb\":{\"@id\":\"https:\/\/www.beykarsan.com\/?product=mercedes-3229-2-el-acik-sac-tomruk-kasasi#breadcrumb\"},\"inLanguage\":\"tr\",\"potentialAction\":[{\"@type\":\"ReadAction\",\"target\":[\"https:\/\/www.beykarsan.com\/?product=mercedes-3229-2-el-acik-sac-tomruk-kasasi\"]}]},{\"@type\":\"BreadcrumbList\",\"@id\":\"https:\/\/www.beykarsan.com\/?product=mercedes-3229-2-el-acik-sac-tomruk-kasasi#breadcrumb\",\"itemListElement\":[{\"@type\":\"ListItem\",\"position\":1,\"name\":\"Anasayfa\",\"item\":\"https:\/\/www.beykarsan.com\/\"},{\"@type\":\"ListItem\",\"position\":2,\"name\":\"Mercedes 3229 2. El A\u00e7\u0131k Sac Tomruk Kasas\u0131\"}]},{\"@type\":\"WebSite\",\"@id\":\"https:\/\/www.beykarsan.com\/#website\",\"url\":\"https:\/\/www.beykarsan.com\/\",\"name\":\"BEYKARSAN KAROSER VE DAMPER SANAY\u0130\",\"description\":\"\u00dcSTYAPININ G\u00dcVEN\u0130L\u0130R ADRES\u0130\",\"publisher\":{\"@id\":\"https:\/\/www.beykarsan.com\/#organization\"},\"potentialAction\":[{\"@type\":\"SearchAction\",\"target\":{\"@type\":\"EntryPoint\",\"urlTemplate\":\"https:\/\/www.beykarsan.com\/?s={search_term_string}\"},\"query-input\":\"required name=search_term_string\"}],\"inLanguage\":\"tr\"},{\"@type\":\"Organization\",\"@id\":\"https:\/\/www.beykarsan.com\/#organization\",\"name\":\"BEYKARSAN KAROSER VE DAMPER SANAY\u0130\",\"url\":\"https:\/\/www.beykarsan.com\/\",\"logo\":{\"@type\":\"ImageObject\",\"inLanguage\":\"tr\",\"@id\":\"https:\/\/www.beykarsan.com\/#\/schema\/logo\/image\/\",\"url\":\"https:\/\/www.beykarsan.com\/wp-content\/uploads\/2020\/12\/cropped-beykarsan-logo.png\",\"contentUrl\":\"https:\/\/www.beykarsan.com\/wp-content\/uploads\/2020\/12\/cropped-beykarsan-logo.png\",\"width\":512,\"height\":512,\"caption\":\"BEYKARSAN KAROSER VE DAMPER SANAY\u0130\"},\"image\":{\"@id\":\"https:\/\/www.beykarsan.com\/#\/schema\/logo\/image\/\"},\"sameAs\":[\"https:\/\/www.facebook.com\/profile.php?id=100050422414160\",\"https:\/\/www.instagram.com\/beykarsankaroserdamper\/\"]}]}<\/script>\n<!-- \/ Yoast SEO plugin. -->","yoast_head_json":{"title":"Mercedes 3229 2. El A\u00e7\u0131k Sac Tomruk Kasas\u0131 - BEYKARSAN KAROSER VE DAMPER SANAY\u0130","description":"Mercedes 3229 2. El A\u00e7\u0131k Sac Tomruk Kasas\u0131 \/ Beypazar\u0131 Beykarsan Karoser ve Damper Sanayi yeni karoser imalat\u0131 konusunda uzman ekibiyle hizmet vermektedir.","robots":{"index":"index","follow":"follow","max-snippet":"max-snippet:-1","max-image-preview":"max-image-preview:large","max-video-preview":"max-video-preview:-1"},"canonical":"https:\/\/www.beykarsan.com\/?product=mercedes-3229-2-el-acik-sac-tomruk-kasasi","og_locale":"tr_TR","og_type":"article","og_title":"Mercedes 3229 2. El A\u00e7\u0131k Sac Tomruk Kasas\u0131 - BEYKARSAN KAROSER VE DAMPER SANAY\u0130","og_description":"Mercedes 3229 2. El A\u00e7\u0131k Sac Tomruk Kasas\u0131 \/ Beypazar\u0131 Beykarsan Karoser ve Damper Sanayi yeni karoser imalat\u0131 konusunda uzman ekibiyle hizmet vermektedir.","og_url":"https:\/\/www.beykarsan.com\/?product=mercedes-3229-2-el-acik-sac-tomruk-kasasi","og_site_name":"BEYKARSAN KAROSER VE DAMPER SANAY\u0130","article_publisher":"https:\/\/www.facebook.com\/profile.php?id=100050422414160","article_modified_time":"2024-03-22T15:51:13+00:00","og_image":[{"width":2560,"height":1920,"url":"https:\/\/www.beykarsan.com\/wp-content\/uploads\/2022\/04\/IMG_6806-scaled.jpeg","type":"image\/jpeg"}],"twitter_card":"summary_large_image","schema":{"@context":"https:\/\/schema.org","@graph":[{"@type":"WebPage","@id":"https:\/\/www.beykarsan.com\/?product=mercedes-3229-2-el-acik-sac-tomruk-kasasi","url":"https:\/\/www.beykarsan.com\/?product=mercedes-3229-2-el-acik-sac-tomruk-kasasi","name":"Mercedes 3229 2. El A\u00e7\u0131k Sac Tomruk Kasas\u0131 - BEYKARSAN KAROSER VE DAMPER SANAY\u0130","isPartOf":{"@id":"https:\/\/www.beykarsan.com\/#website"},"datePublished":"2022-04-22T16:19:51+00:00","dateModified":"2024-03-22T15:51:13+00:00","description":"Mercedes 3229 2. El A\u00e7\u0131k Sac Tomruk Kasas\u0131 \/ Beypazar\u0131 Beykarsan Karoser ve Damper Sanayi yeni karoser imalat\u0131 konusunda uzman ekibiyle hizmet vermektedir.","breadcrumb":{"@id":"https:\/\/www.beykarsan.com\/?product=mercedes-3229-2-el-acik-sac-tomruk-kasasi#breadcrumb"},"inLanguage":"tr","potentialAction":[{"@type":"ReadAction","target":["https:\/\/www.beykarsan.com\/?product=mercedes-3229-2-el-acik-sac-tomruk-kasasi"]}]},{"@type":"BreadcrumbList","@id":"https:\/\/www.beykarsan.com\/?product=mercedes-3229-2-el-acik-sac-tomruk-kasasi#breadcrumb","itemListElement":[{"@type":"ListItem","position":1,"name":"Anasayfa","item":"https:\/\/www.beykarsan.com\/"},{"@type":"ListItem","position":2,"name":"Mercedes 3229 2. El A\u00e7\u0131k Sac Tomruk Kasas\u0131"}]},{"@type":"WebSite","@id":"https:\/\/www.beykarsan.com\/#website","url":"https:\/\/www.beykarsan.com\/","name":"BEYKARSAN KAROSER VE DAMPER SANAY\u0130","description":"\u00dcSTYAPININ G\u00dcVEN\u0130L\u0130R ADRES\u0130","publisher":{"@id":"https:\/\/www.beykarsan.com\/#organization"},"potentialAction":[{"@type":"SearchAction","target":{"@type":"EntryPoint","urlTemplate":"https:\/\/www.beykarsan.com\/?s={search_term_string}"},"query-input":"required name=search_term_string"}],"inLanguage":"tr"},{"@type":"Organization","@id":"https:\/\/www.beykarsan.com\/#organization","name":"BEYKARSAN KAROSER VE DAMPER SANAY\u0130","url":"https:\/\/www.beykarsan.com\/","logo":{"@type":"ImageObject","inLanguage":"tr","@id":"https:\/\/www.beykarsan.com\/#\/schema\/logo\/image\/","url":"https:\/\/www.beykarsan.com\/wp-content\/uploads\/2020\/12\/cropped-beykarsan-logo.png","contentUrl":"https:\/\/www.beykarsan.com\/wp-content\/uploads\/2020\/12\/cropped-beykarsan-logo.png","width":512,"height":512,"caption":"BEYKARSAN KAROSER VE DAMPER SANAY\u0130"},"image":{"@id":"https:\/\/www.beykarsan.com\/#\/schema\/logo\/image\/"},"sameAs":["https:\/\/www.facebook.com\/profile.php?id=100050422414160","https:\/\/www.instagram.com\/beykarsankaroserdamper\/"]}]}},"_links":{"self":[{"href":"https:\/\/www.beykarsan.com\/index.php?rest_route=\/wp\/v2\/product\/385","targetHints":{"allow":["GET"]}}],"collection":[{"href":"https:\/\/www.beykarsan.com\/index.php?rest_route=\/wp\/v2\/product"}],"about":[{"href":"https:\/\/www.beykarsan.com\/index.php?rest_route=\/wp\/v2\/types\/product"}],"replies":[{"embeddable":true,"href":"https:\/\/www.beykarsan.com\/index.php?rest_route=%2Fwp%2Fv2%2Fcomments&post=385"}],"wp:featuredmedia":[{"embeddable":true,"href":"https:\/\/www.beykarsan.com\/index.php?rest_route=\/wp\/v2\/media\/225"}],"wp:attachment":[{"href":"https:\/\/www.beykarsan.com\/index.php?rest_route=%2Fwp%2Fv2%2Fmedia&parent=385"}],"wp:term":[{"taxonomy":"product_cat","embeddable":true,"href":"https:\/\/www.beykarsan.com\/index.php?rest_route=%2Fwp%2Fv2%2Fproduct_cat&post=385"},{"taxonomy":"product_tag","embeddable":true,"href":"https:\/\/www.beykarsan.com\/index.php?rest_route=%2Fwp%2Fv2%2Fproduct_tag&post=385"}],"curies":[{"name":"wp","href":"https:\/\/api.w.org\/{rel}","templated":true}]}}