{"id":377,"date":"2022-04-22T18:33:55","date_gmt":"2022-04-22T15:33:55","guid":{"rendered":"http:\/\/www.beykarsan.com\/?post_type=product&#038;p=377"},"modified":"2023-01-27T23:19:56","modified_gmt":"2023-01-27T20:19:56","slug":"ford-4136-d-sistem-sac-tomruk-kasasi","status":"publish","type":"product","link":"https:\/\/www.beykarsan.com\/?product=ford-4136-d-sistem-sac-tomruk-kasasi","title":{"rendered":"Ford 4136 D Sistem Sac Tomruk Kasas\u0131"},"content":{"rendered":"","protected":false},"excerpt":{"rendered":"<p><img loading=\"lazy\" decoding=\"async\" class=\"alignnone size-medium wp-image-282\" src=\"http:\/\/www.beykarsan.com\/wp-content\/uploads\/2022\/04\/IMG_6565-300x225.jpeg\" alt=\"\" width=\"300\" height=\"225\" srcset=\"https:\/\/www.beykarsan.com\/wp-content\/uploads\/2022\/04\/IMG_6565-300x225.jpeg 300w, https:\/\/www.beykarsan.com\/wp-content\/uploads\/2022\/04\/IMG_6565-1024x768.jpeg 1024w, https:\/\/www.beykarsan.com\/wp-content\/uploads\/2022\/04\/IMG_6565-768x576.jpeg 768w, https:\/\/www.beykarsan.com\/wp-content\/uploads\/2022\/04\/IMG_6565-1536x1152.jpeg 1536w, https:\/\/www.beykarsan.com\/wp-content\/uploads\/2022\/04\/IMG_6565-2048x1536.jpeg 2048w, https:\/\/www.beykarsan.com\/wp-content\/uploads\/2022\/04\/IMG_6565-600x450.jpeg 600w, https:\/\/www.beykarsan.com\/wp-content\/uploads\/2022\/04\/IMG_6565-213x160.jpeg 213w, https:\/\/www.beykarsan.com\/wp-content\/uploads\/2022\/04\/IMG_6565-820x615.jpeg 820w\" sizes=\"auto, (max-width: 300px) 100vw, 300px\" \/><\/p>\n<p>Beypazar\u0131 Karoserin Ba\u015fkenti<\/p>\n","protected":false},"featured_media":286,"comment_status":"open","ping_status":"closed","template":"","meta":[],"product_cat":[44],"product_tag":[82,81,83,63],"class_list":{"0":"post-377","1":"product","2":"type-product","3":"status-publish","4":"has-post-thumbnail","6":"product_cat-genel-2","7":"product_tag-beypazari-beykarsan","8":"product_tag-ford-4136-d-sistem-sac-tomruk-kasasi","9":"product_tag-kamyon-kasasi","10":"product_tag-karoser","12":"first","13":"instock","14":"shipping-taxable","15":"product-type-simple"},"yoast_head":"<!-- This site is optimized with the Yoast SEO plugin v21.1 - https:\/\/yoast.com\/wordpress\/plugins\/seo\/ -->\n<title>Ford 4136 D Sistem Sac Tomruk Kasas\u0131 - BEYKARSAN KAROSER VE DAMPER SANAY\u0130<\/title>\n<meta name=\"description\" content=\"Ford 4136 D Sistem Sac Tomruk Kasas\u0131 \/ Beypazar\u0131 Karoser \u0130malat\u00e7\u0131lar\u0131 \/ Beykarsan Karoser Damper 2. el Karoser - Muayeneye Uygun Karoserler\" \/>\n<meta name=\"robots\" content=\"index, follow, max-snippet:-1, max-image-preview:large, max-video-preview:-1\" \/>\n<link rel=\"canonical\" href=\"https:\/\/www.beykarsan.com\/?product=ford-4136-d-sistem-sac-tomruk-kasasi\" \/>\n<meta property=\"og:locale\" content=\"tr_TR\" \/>\n<meta property=\"og:type\" content=\"article\" \/>\n<meta property=\"og:title\" content=\"Ford 4136 D Sistem Sac Tomruk Kasas\u0131 - BEYKARSAN KAROSER VE DAMPER SANAY\u0130\" \/>\n<meta property=\"og:description\" content=\"Ford 4136 D Sistem Sac Tomruk Kasas\u0131 \/ Beypazar\u0131 Karoser \u0130malat\u00e7\u0131lar\u0131 \/ Beykarsan Karoser Damper 2. el Karoser - Muayeneye Uygun Karoserler\" \/>\n<meta property=\"og:url\" content=\"https:\/\/www.beykarsan.com\/?product=ford-4136-d-sistem-sac-tomruk-kasasi\" \/>\n<meta property=\"og:site_name\" content=\"BEYKARSAN KAROSER VE DAMPER SANAY\u0130\" \/>\n<meta property=\"article:publisher\" content=\"https:\/\/www.facebook.com\/profile.php?id=100050422414160\" \/>\n<meta property=\"article:modified_time\" content=\"2023-01-27T20:19:56+00:00\" \/>\n<meta property=\"og:image\" content=\"https:\/\/www.beykarsan.com\/wp-content\/uploads\/2022\/04\/IMG_6561-scaled.jpeg\" \/>\n\t<meta property=\"og:image:width\" content=\"4032\" \/>\n\t<meta property=\"og:image:height\" content=\"3024\" \/>\n\t<meta property=\"og:image:type\" content=\"image\/jpeg\" \/>\n<meta name=\"twitter:card\" content=\"summary_large_image\" \/>\n<script type=\"application\/ld+json\" class=\"yoast-schema-graph\">{\"@context\":\"https:\/\/schema.org\",\"@graph\":[{\"@type\":\"WebPage\",\"@id\":\"https:\/\/www.beykarsan.com\/?product=ford-4136-d-sistem-sac-tomruk-kasasi\",\"url\":\"https:\/\/www.beykarsan.com\/?product=ford-4136-d-sistem-sac-tomruk-kasasi\",\"name\":\"Ford 4136 D Sistem Sac Tomruk Kasas\u0131 - BEYKARSAN KAROSER VE DAMPER SANAY\u0130\",\"isPartOf\":{\"@id\":\"https:\/\/www.beykarsan.com\/#website\"},\"datePublished\":\"2022-04-22T15:33:55+00:00\",\"dateModified\":\"2023-01-27T20:19:56+00:00\",\"description\":\"Ford 4136 D Sistem Sac Tomruk Kasas\u0131 \/ Beypazar\u0131 Karoser \u0130malat\u00e7\u0131lar\u0131 \/ Beykarsan Karoser Damper 2. el Karoser - Muayeneye Uygun Karoserler\",\"breadcrumb\":{\"@id\":\"https:\/\/www.beykarsan.com\/?product=ford-4136-d-sistem-sac-tomruk-kasasi#breadcrumb\"},\"inLanguage\":\"tr\",\"potentialAction\":[{\"@type\":\"ReadAction\",\"target\":[\"https:\/\/www.beykarsan.com\/?product=ford-4136-d-sistem-sac-tomruk-kasasi\"]}]},{\"@type\":\"BreadcrumbList\",\"@id\":\"https:\/\/www.beykarsan.com\/?product=ford-4136-d-sistem-sac-tomruk-kasasi#breadcrumb\",\"itemListElement\":[{\"@type\":\"ListItem\",\"position\":1,\"name\":\"Anasayfa\",\"item\":\"https:\/\/www.beykarsan.com\/\"},{\"@type\":\"ListItem\",\"position\":2,\"name\":\"Ford 4136 D Sistem Sac Tomruk Kasas\u0131\"}]},{\"@type\":\"WebSite\",\"@id\":\"https:\/\/www.beykarsan.com\/#website\",\"url\":\"https:\/\/www.beykarsan.com\/\",\"name\":\"BEYKARSAN KAROSER VE DAMPER SANAY\u0130\",\"description\":\"\u00dcSTYAPININ G\u00dcVEN\u0130L\u0130R ADRES\u0130\",\"publisher\":{\"@id\":\"https:\/\/www.beykarsan.com\/#organization\"},\"potentialAction\":[{\"@type\":\"SearchAction\",\"target\":{\"@type\":\"EntryPoint\",\"urlTemplate\":\"https:\/\/www.beykarsan.com\/?s={search_term_string}\"},\"query-input\":\"required name=search_term_string\"}],\"inLanguage\":\"tr\"},{\"@type\":\"Organization\",\"@id\":\"https:\/\/www.beykarsan.com\/#organization\",\"name\":\"BEYKARSAN KAROSER VE DAMPER SANAY\u0130\",\"url\":\"https:\/\/www.beykarsan.com\/\",\"logo\":{\"@type\":\"ImageObject\",\"inLanguage\":\"tr\",\"@id\":\"https:\/\/www.beykarsan.com\/#\/schema\/logo\/image\/\",\"url\":\"https:\/\/www.beykarsan.com\/wp-content\/uploads\/2020\/12\/cropped-beykarsan-logo.png\",\"contentUrl\":\"https:\/\/www.beykarsan.com\/wp-content\/uploads\/2020\/12\/cropped-beykarsan-logo.png\",\"width\":512,\"height\":512,\"caption\":\"BEYKARSAN KAROSER VE DAMPER SANAY\u0130\"},\"image\":{\"@id\":\"https:\/\/www.beykarsan.com\/#\/schema\/logo\/image\/\"},\"sameAs\":[\"https:\/\/www.facebook.com\/profile.php?id=100050422414160\",\"https:\/\/www.instagram.com\/beykarsankaroserdamper\/\"]}]}<\/script>\n<!-- \/ Yoast SEO plugin. -->","yoast_head_json":{"title":"Ford 4136 D Sistem Sac Tomruk Kasas\u0131 - BEYKARSAN KAROSER VE DAMPER SANAY\u0130","description":"Ford 4136 D Sistem Sac Tomruk Kasas\u0131 \/ Beypazar\u0131 Karoser \u0130malat\u00e7\u0131lar\u0131 \/ Beykarsan Karoser Damper 2. el Karoser - Muayeneye Uygun Karoserler","robots":{"index":"index","follow":"follow","max-snippet":"max-snippet:-1","max-image-preview":"max-image-preview:large","max-video-preview":"max-video-preview:-1"},"canonical":"https:\/\/www.beykarsan.com\/?product=ford-4136-d-sistem-sac-tomruk-kasasi","og_locale":"tr_TR","og_type":"article","og_title":"Ford 4136 D Sistem Sac Tomruk Kasas\u0131 - BEYKARSAN KAROSER VE DAMPER SANAY\u0130","og_description":"Ford 4136 D Sistem Sac Tomruk Kasas\u0131 \/ Beypazar\u0131 Karoser \u0130malat\u00e7\u0131lar\u0131 \/ Beykarsan Karoser Damper 2. el Karoser - Muayeneye Uygun Karoserler","og_url":"https:\/\/www.beykarsan.com\/?product=ford-4136-d-sistem-sac-tomruk-kasasi","og_site_name":"BEYKARSAN KAROSER VE DAMPER SANAY\u0130","article_publisher":"https:\/\/www.facebook.com\/profile.php?id=100050422414160","article_modified_time":"2023-01-27T20:19:56+00:00","og_image":[{"width":4032,"height":3024,"url":"https:\/\/www.beykarsan.com\/wp-content\/uploads\/2022\/04\/IMG_6561-scaled.jpeg","type":"image\/jpeg"}],"twitter_card":"summary_large_image","schema":{"@context":"https:\/\/schema.org","@graph":[{"@type":"WebPage","@id":"https:\/\/www.beykarsan.com\/?product=ford-4136-d-sistem-sac-tomruk-kasasi","url":"https:\/\/www.beykarsan.com\/?product=ford-4136-d-sistem-sac-tomruk-kasasi","name":"Ford 4136 D Sistem Sac Tomruk Kasas\u0131 - BEYKARSAN KAROSER VE DAMPER SANAY\u0130","isPartOf":{"@id":"https:\/\/www.beykarsan.com\/#website"},"datePublished":"2022-04-22T15:33:55+00:00","dateModified":"2023-01-27T20:19:56+00:00","description":"Ford 4136 D Sistem Sac Tomruk Kasas\u0131 \/ Beypazar\u0131 Karoser \u0130malat\u00e7\u0131lar\u0131 \/ Beykarsan Karoser Damper 2. el Karoser - Muayeneye Uygun Karoserler","breadcrumb":{"@id":"https:\/\/www.beykarsan.com\/?product=ford-4136-d-sistem-sac-tomruk-kasasi#breadcrumb"},"inLanguage":"tr","potentialAction":[{"@type":"ReadAction","target":["https:\/\/www.beykarsan.com\/?product=ford-4136-d-sistem-sac-tomruk-kasasi"]}]},{"@type":"BreadcrumbList","@id":"https:\/\/www.beykarsan.com\/?product=ford-4136-d-sistem-sac-tomruk-kasasi#breadcrumb","itemListElement":[{"@type":"ListItem","position":1,"name":"Anasayfa","item":"https:\/\/www.beykarsan.com\/"},{"@type":"ListItem","position":2,"name":"Ford 4136 D Sistem Sac Tomruk Kasas\u0131"}]},{"@type":"WebSite","@id":"https:\/\/www.beykarsan.com\/#website","url":"https:\/\/www.beykarsan.com\/","name":"BEYKARSAN KAROSER VE DAMPER SANAY\u0130","description":"\u00dcSTYAPININ G\u00dcVEN\u0130L\u0130R ADRES\u0130","publisher":{"@id":"https:\/\/www.beykarsan.com\/#organization"},"potentialAction":[{"@type":"SearchAction","target":{"@type":"EntryPoint","urlTemplate":"https:\/\/www.beykarsan.com\/?s={search_term_string}"},"query-input":"required name=search_term_string"}],"inLanguage":"tr"},{"@type":"Organization","@id":"https:\/\/www.beykarsan.com\/#organization","name":"BEYKARSAN KAROSER VE DAMPER SANAY\u0130","url":"https:\/\/www.beykarsan.com\/","logo":{"@type":"ImageObject","inLanguage":"tr","@id":"https:\/\/www.beykarsan.com\/#\/schema\/logo\/image\/","url":"https:\/\/www.beykarsan.com\/wp-content\/uploads\/2020\/12\/cropped-beykarsan-logo.png","contentUrl":"https:\/\/www.beykarsan.com\/wp-content\/uploads\/2020\/12\/cropped-beykarsan-logo.png","width":512,"height":512,"caption":"BEYKARSAN KAROSER VE DAMPER SANAY\u0130"},"image":{"@id":"https:\/\/www.beykarsan.com\/#\/schema\/logo\/image\/"},"sameAs":["https:\/\/www.facebook.com\/profile.php?id=100050422414160","https:\/\/www.instagram.com\/beykarsankaroserdamper\/"]}]}},"_links":{"self":[{"href":"https:\/\/www.beykarsan.com\/index.php?rest_route=\/wp\/v2\/product\/377","targetHints":{"allow":["GET"]}}],"collection":[{"href":"https:\/\/www.beykarsan.com\/index.php?rest_route=\/wp\/v2\/product"}],"about":[{"href":"https:\/\/www.beykarsan.com\/index.php?rest_route=\/wp\/v2\/types\/product"}],"replies":[{"embeddable":true,"href":"https:\/\/www.beykarsan.com\/index.php?rest_route=%2Fwp%2Fv2%2Fcomments&post=377"}],"wp:featuredmedia":[{"embeddable":true,"href":"https:\/\/www.beykarsan.com\/index.php?rest_route=\/wp\/v2\/media\/286"}],"wp:attachment":[{"href":"https:\/\/www.beykarsan.com\/index.php?rest_route=%2Fwp%2Fv2%2Fmedia&parent=377"}],"wp:term":[{"taxonomy":"product_cat","embeddable":true,"href":"https:\/\/www.beykarsan.com\/index.php?rest_route=%2Fwp%2Fv2%2Fproduct_cat&post=377"},{"taxonomy":"product_tag","embeddable":true,"href":"https:\/\/www.beykarsan.com\/index.php?rest_route=%2Fwp%2Fv2%2Fproduct_tag&post=377"}],"curies":[{"name":"wp","href":"https:\/\/api.w.org\/{rel}","templated":true}]}}