{"id":375,"date":"2022-04-22T18:22:13","date_gmt":"2022-04-22T15:22:13","guid":{"rendered":"http:\/\/www.beykarsan.com\/?post_type=product&#038;p=375"},"modified":"2024-03-22T18:51:13","modified_gmt":"2024-03-22T15:51:13","slug":"bmc-pro-damper-kasa","status":"publish","type":"product","link":"https:\/\/www.beykarsan.com\/?product=bmc-pro-damper-kasa","title":{"rendered":"BMC PRO Damper Kasa"},"content":{"rendered":"","protected":false},"excerpt":{"rendered":"[espro-slider id=209]\n","protected":false},"featured_media":204,"comment_status":"open","ping_status":"closed","template":"","meta":[],"product_cat":[44],"product_tag":[77,84,83,85,80],"class_list":{"0":"post-375","1":"product","2":"type-product","3":"status-publish","4":"has-post-thumbnail","6":"product_cat-genel-2","7":"product_tag-beypazari","8":"product_tag-bmc-pro-damper-kasa","9":"product_tag-kamyon-kasasi","10":"product_tag-karoser-imalati","11":"product_tag-karoserin-baskenti","13":"first","14":"instock","15":"shipping-taxable","16":"product-type-simple"},"yoast_head":"<!-- This site is optimized with the Yoast SEO plugin v21.1 - https:\/\/yoast.com\/wordpress\/plugins\/seo\/ -->\n<title>BMC PRO Damper Kasa - BEYKARSAN KAROSER VE DAMPER SANAY\u0130<\/title>\n<meta name=\"description\" content=\"BMC PRO Damper Kasa - Karoser \u0130malat\u00e7\u0131lar\u0131 - Beypazar\u0131 Kasas\u0131 Fiyatlar\u0131 - Karoserin Adresi Beypazar\u0131 - Damper Piston Bak\u0131m ve Montaj\u0131\" \/>\n<meta name=\"robots\" content=\"index, follow, max-snippet:-1, max-image-preview:large, max-video-preview:-1\" \/>\n<link rel=\"canonical\" href=\"https:\/\/www.beykarsan.com\/?product=bmc-pro-damper-kasa\" \/>\n<meta property=\"og:locale\" content=\"tr_TR\" \/>\n<meta property=\"og:type\" content=\"article\" \/>\n<meta property=\"og:title\" content=\"BMC PRO Damper Kasa - BEYKARSAN KAROSER VE DAMPER SANAY\u0130\" \/>\n<meta property=\"og:description\" content=\"BMC PRO Damper Kasa - Karoser \u0130malat\u00e7\u0131lar\u0131 - Beypazar\u0131 Kasas\u0131 Fiyatlar\u0131 - Karoserin Adresi Beypazar\u0131 - Damper Piston Bak\u0131m ve Montaj\u0131\" \/>\n<meta property=\"og:url\" content=\"https:\/\/www.beykarsan.com\/?product=bmc-pro-damper-kasa\" \/>\n<meta property=\"og:site_name\" content=\"BEYKARSAN KAROSER VE DAMPER SANAY\u0130\" \/>\n<meta property=\"article:publisher\" content=\"https:\/\/www.facebook.com\/profile.php?id=100050422414160\" \/>\n<meta property=\"article:modified_time\" content=\"2024-03-22T15:51:13+00:00\" \/>\n<meta property=\"og:image\" content=\"https:\/\/www.beykarsan.com\/wp-content\/uploads\/2021\/10\/EDD4B03C-F7B2-48D9-9570-C7DCED9F5B84.jpeg\" \/>\n\t<meta property=\"og:image:width\" content=\"1440\" \/>\n\t<meta property=\"og:image:height\" content=\"1081\" \/>\n\t<meta property=\"og:image:type\" content=\"image\/jpeg\" \/>\n<meta name=\"twitter:card\" content=\"summary_large_image\" \/>\n<script type=\"application\/ld+json\" class=\"yoast-schema-graph\">{\"@context\":\"https:\/\/schema.org\",\"@graph\":[{\"@type\":\"WebPage\",\"@id\":\"https:\/\/www.beykarsan.com\/?product=bmc-pro-damper-kasa\",\"url\":\"https:\/\/www.beykarsan.com\/?product=bmc-pro-damper-kasa\",\"name\":\"BMC PRO Damper Kasa - BEYKARSAN KAROSER VE DAMPER SANAY\u0130\",\"isPartOf\":{\"@id\":\"https:\/\/www.beykarsan.com\/#website\"},\"datePublished\":\"2022-04-22T15:22:13+00:00\",\"dateModified\":\"2024-03-22T15:51:13+00:00\",\"description\":\"BMC PRO Damper Kasa - Karoser \u0130malat\u00e7\u0131lar\u0131 - Beypazar\u0131 Kasas\u0131 Fiyatlar\u0131 - Karoserin Adresi Beypazar\u0131 - Damper Piston Bak\u0131m ve Montaj\u0131\",\"breadcrumb\":{\"@id\":\"https:\/\/www.beykarsan.com\/?product=bmc-pro-damper-kasa#breadcrumb\"},\"inLanguage\":\"tr\",\"potentialAction\":[{\"@type\":\"ReadAction\",\"target\":[\"https:\/\/www.beykarsan.com\/?product=bmc-pro-damper-kasa\"]}]},{\"@type\":\"BreadcrumbList\",\"@id\":\"https:\/\/www.beykarsan.com\/?product=bmc-pro-damper-kasa#breadcrumb\",\"itemListElement\":[{\"@type\":\"ListItem\",\"position\":1,\"name\":\"Anasayfa\",\"item\":\"https:\/\/www.beykarsan.com\/\"},{\"@type\":\"ListItem\",\"position\":2,\"name\":\"BMC PRO Damper Kasa\"}]},{\"@type\":\"WebSite\",\"@id\":\"https:\/\/www.beykarsan.com\/#website\",\"url\":\"https:\/\/www.beykarsan.com\/\",\"name\":\"BEYKARSAN KAROSER VE DAMPER SANAY\u0130\",\"description\":\"\u00dcSTYAPININ G\u00dcVEN\u0130L\u0130R ADRES\u0130\",\"publisher\":{\"@id\":\"https:\/\/www.beykarsan.com\/#organization\"},\"potentialAction\":[{\"@type\":\"SearchAction\",\"target\":{\"@type\":\"EntryPoint\",\"urlTemplate\":\"https:\/\/www.beykarsan.com\/?s={search_term_string}\"},\"query-input\":\"required name=search_term_string\"}],\"inLanguage\":\"tr\"},{\"@type\":\"Organization\",\"@id\":\"https:\/\/www.beykarsan.com\/#organization\",\"name\":\"BEYKARSAN KAROSER VE DAMPER SANAY\u0130\",\"url\":\"https:\/\/www.beykarsan.com\/\",\"logo\":{\"@type\":\"ImageObject\",\"inLanguage\":\"tr\",\"@id\":\"https:\/\/www.beykarsan.com\/#\/schema\/logo\/image\/\",\"url\":\"https:\/\/www.beykarsan.com\/wp-content\/uploads\/2020\/12\/cropped-beykarsan-logo.png\",\"contentUrl\":\"https:\/\/www.beykarsan.com\/wp-content\/uploads\/2020\/12\/cropped-beykarsan-logo.png\",\"width\":512,\"height\":512,\"caption\":\"BEYKARSAN KAROSER VE DAMPER SANAY\u0130\"},\"image\":{\"@id\":\"https:\/\/www.beykarsan.com\/#\/schema\/logo\/image\/\"},\"sameAs\":[\"https:\/\/www.facebook.com\/profile.php?id=100050422414160\",\"https:\/\/www.instagram.com\/beykarsankaroserdamper\/\"]}]}<\/script>\n<!-- \/ Yoast SEO plugin. -->","yoast_head_json":{"title":"BMC PRO Damper Kasa - BEYKARSAN KAROSER VE DAMPER SANAY\u0130","description":"BMC PRO Damper Kasa - Karoser \u0130malat\u00e7\u0131lar\u0131 - Beypazar\u0131 Kasas\u0131 Fiyatlar\u0131 - Karoserin Adresi Beypazar\u0131 - Damper Piston Bak\u0131m ve Montaj\u0131","robots":{"index":"index","follow":"follow","max-snippet":"max-snippet:-1","max-image-preview":"max-image-preview:large","max-video-preview":"max-video-preview:-1"},"canonical":"https:\/\/www.beykarsan.com\/?product=bmc-pro-damper-kasa","og_locale":"tr_TR","og_type":"article","og_title":"BMC PRO Damper Kasa - BEYKARSAN KAROSER VE DAMPER SANAY\u0130","og_description":"BMC PRO Damper Kasa - Karoser \u0130malat\u00e7\u0131lar\u0131 - Beypazar\u0131 Kasas\u0131 Fiyatlar\u0131 - Karoserin Adresi Beypazar\u0131 - Damper Piston Bak\u0131m ve Montaj\u0131","og_url":"https:\/\/www.beykarsan.com\/?product=bmc-pro-damper-kasa","og_site_name":"BEYKARSAN KAROSER VE DAMPER SANAY\u0130","article_publisher":"https:\/\/www.facebook.com\/profile.php?id=100050422414160","article_modified_time":"2024-03-22T15:51:13+00:00","og_image":[{"width":1440,"height":1081,"url":"https:\/\/www.beykarsan.com\/wp-content\/uploads\/2021\/10\/EDD4B03C-F7B2-48D9-9570-C7DCED9F5B84.jpeg","type":"image\/jpeg"}],"twitter_card":"summary_large_image","schema":{"@context":"https:\/\/schema.org","@graph":[{"@type":"WebPage","@id":"https:\/\/www.beykarsan.com\/?product=bmc-pro-damper-kasa","url":"https:\/\/www.beykarsan.com\/?product=bmc-pro-damper-kasa","name":"BMC PRO Damper Kasa - BEYKARSAN KAROSER VE DAMPER SANAY\u0130","isPartOf":{"@id":"https:\/\/www.beykarsan.com\/#website"},"datePublished":"2022-04-22T15:22:13+00:00","dateModified":"2024-03-22T15:51:13+00:00","description":"BMC PRO Damper Kasa - Karoser \u0130malat\u00e7\u0131lar\u0131 - Beypazar\u0131 Kasas\u0131 Fiyatlar\u0131 - Karoserin Adresi Beypazar\u0131 - Damper Piston Bak\u0131m ve Montaj\u0131","breadcrumb":{"@id":"https:\/\/www.beykarsan.com\/?product=bmc-pro-damper-kasa#breadcrumb"},"inLanguage":"tr","potentialAction":[{"@type":"ReadAction","target":["https:\/\/www.beykarsan.com\/?product=bmc-pro-damper-kasa"]}]},{"@type":"BreadcrumbList","@id":"https:\/\/www.beykarsan.com\/?product=bmc-pro-damper-kasa#breadcrumb","itemListElement":[{"@type":"ListItem","position":1,"name":"Anasayfa","item":"https:\/\/www.beykarsan.com\/"},{"@type":"ListItem","position":2,"name":"BMC PRO Damper Kasa"}]},{"@type":"WebSite","@id":"https:\/\/www.beykarsan.com\/#website","url":"https:\/\/www.beykarsan.com\/","name":"BEYKARSAN KAROSER VE DAMPER SANAY\u0130","description":"\u00dcSTYAPININ G\u00dcVEN\u0130L\u0130R ADRES\u0130","publisher":{"@id":"https:\/\/www.beykarsan.com\/#organization"},"potentialAction":[{"@type":"SearchAction","target":{"@type":"EntryPoint","urlTemplate":"https:\/\/www.beykarsan.com\/?s={search_term_string}"},"query-input":"required name=search_term_string"}],"inLanguage":"tr"},{"@type":"Organization","@id":"https:\/\/www.beykarsan.com\/#organization","name":"BEYKARSAN KAROSER VE DAMPER SANAY\u0130","url":"https:\/\/www.beykarsan.com\/","logo":{"@type":"ImageObject","inLanguage":"tr","@id":"https:\/\/www.beykarsan.com\/#\/schema\/logo\/image\/","url":"https:\/\/www.beykarsan.com\/wp-content\/uploads\/2020\/12\/cropped-beykarsan-logo.png","contentUrl":"https:\/\/www.beykarsan.com\/wp-content\/uploads\/2020\/12\/cropped-beykarsan-logo.png","width":512,"height":512,"caption":"BEYKARSAN KAROSER VE DAMPER SANAY\u0130"},"image":{"@id":"https:\/\/www.beykarsan.com\/#\/schema\/logo\/image\/"},"sameAs":["https:\/\/www.facebook.com\/profile.php?id=100050422414160","https:\/\/www.instagram.com\/beykarsankaroserdamper\/"]}]}},"_links":{"self":[{"href":"https:\/\/www.beykarsan.com\/index.php?rest_route=\/wp\/v2\/product\/375","targetHints":{"allow":["GET"]}}],"collection":[{"href":"https:\/\/www.beykarsan.com\/index.php?rest_route=\/wp\/v2\/product"}],"about":[{"href":"https:\/\/www.beykarsan.com\/index.php?rest_route=\/wp\/v2\/types\/product"}],"replies":[{"embeddable":true,"href":"https:\/\/www.beykarsan.com\/index.php?rest_route=%2Fwp%2Fv2%2Fcomments&post=375"}],"wp:featuredmedia":[{"embeddable":true,"href":"https:\/\/www.beykarsan.com\/index.php?rest_route=\/wp\/v2\/media\/204"}],"wp:attachment":[{"href":"https:\/\/www.beykarsan.com\/index.php?rest_route=%2Fwp%2Fv2%2Fmedia&parent=375"}],"wp:term":[{"taxonomy":"product_cat","embeddable":true,"href":"https:\/\/www.beykarsan.com\/index.php?rest_route=%2Fwp%2Fv2%2Fproduct_cat&post=375"},{"taxonomy":"product_tag","embeddable":true,"href":"https:\/\/www.beykarsan.com\/index.php?rest_route=%2Fwp%2Fv2%2Fproduct_tag&post=375"}],"curies":[{"name":"wp","href":"https:\/\/api.w.org\/{rel}","templated":true}]}}