{"id":372,"date":"2022-04-22T17:47:47","date_gmt":"2022-04-22T14:47:47","guid":{"rendered":"http:\/\/www.beykarsan.com\/?post_type=product&#038;p=372"},"modified":"2024-03-21T19:13:20","modified_gmt":"2024-03-21T16:13:20","slug":"scania-360-vabis-sebze-citali-sifir-kasa","status":"publish","type":"product","link":"https:\/\/www.beykarsan.com\/?product=scania-360-vabis-sebze-citali-sifir-kasa","title":{"rendered":"Scania 360 Vabis Sebze \u00c7\u0131tal\u0131 S\u0131f\u0131r Kasa"},"content":{"rendered":"","protected":false},"excerpt":{"rendered":"<p>Karoserin Ba\u015fkenti | BEYPAZARI<\/p>\n","protected":false},"featured_media":341,"comment_status":"open","ping_status":"closed","template":"","meta":[],"product_cat":[44],"product_tag":[90,78,77,89,83,87,88],"class_list":{"0":"post-372","1":"product","2":"type-product","3":"status-publish","4":"has-post-thumbnail","6":"product_cat-genel-2","7":"product_tag-ankara","8":"product_tag-beykarsan","9":"product_tag-beypazari","10":"product_tag-fiyat","11":"product_tag-kamyon-kasasi","12":"product_tag-scania-360-vabis-sebze-citali-sifir-kasa","13":"product_tag-scania-kasasi","15":"first","16":"instock","17":"shipping-taxable","18":"product-type-simple"},"yoast_head":"<!-- This site is optimized with the Yoast SEO plugin v21.1 - https:\/\/yoast.com\/wordpress\/plugins\/seo\/ -->\n<title>Scania 360 Vabis Sebze \u00c7\u0131tal\u0131 S\u0131f\u0131r Kasa - BEYKARSAN KAROSER VE DAMPER SANAY\u0130<\/title>\n<meta name=\"description\" content=\"Scania 360 Vabis Sebze \u00c7\u0131tal\u0131 S\u0131f\u0131r Kasa\" \/>\n<meta name=\"robots\" content=\"index, follow, max-snippet:-1, max-image-preview:large, max-video-preview:-1\" \/>\n<link rel=\"canonical\" href=\"https:\/\/www.beykarsan.com\/?product=scania-360-vabis-sebze-citali-sifir-kasa\" \/>\n<meta property=\"og:locale\" content=\"tr_TR\" \/>\n<meta property=\"og:type\" content=\"article\" \/>\n<meta property=\"og:title\" content=\"Scania 360 Vabis Sebze \u00c7\u0131tal\u0131 S\u0131f\u0131r Kasa - BEYKARSAN KAROSER VE DAMPER SANAY\u0130\" \/>\n<meta property=\"og:description\" content=\"Scania 360 Vabis Sebze \u00c7\u0131tal\u0131 S\u0131f\u0131r Kasa\" \/>\n<meta property=\"og:url\" content=\"https:\/\/www.beykarsan.com\/?product=scania-360-vabis-sebze-citali-sifir-kasa\" \/>\n<meta property=\"og:site_name\" content=\"BEYKARSAN KAROSER VE DAMPER SANAY\u0130\" \/>\n<meta property=\"article:publisher\" content=\"https:\/\/www.facebook.com\/profile.php?id=100050422414160\" \/>\n<meta property=\"article:modified_time\" content=\"2024-03-21T16:13:20+00:00\" \/>\n<meta property=\"og:image\" content=\"https:\/\/www.beykarsan.com\/wp-content\/uploads\/2022\/04\/111057711_153261223031291_4528609104596584204_n.jpg\" \/>\n\t<meta property=\"og:image:width\" content=\"960\" \/>\n\t<meta property=\"og:image:height\" content=\"720\" \/>\n\t<meta property=\"og:image:type\" content=\"image\/jpeg\" \/>\n<meta name=\"twitter:card\" content=\"summary_large_image\" \/>\n<script type=\"application\/ld+json\" class=\"yoast-schema-graph\">{\"@context\":\"https:\/\/schema.org\",\"@graph\":[{\"@type\":\"WebPage\",\"@id\":\"https:\/\/www.beykarsan.com\/?product=scania-360-vabis-sebze-citali-sifir-kasa\",\"url\":\"https:\/\/www.beykarsan.com\/?product=scania-360-vabis-sebze-citali-sifir-kasa\",\"name\":\"Scania 360 Vabis Sebze \u00c7\u0131tal\u0131 S\u0131f\u0131r Kasa - BEYKARSAN KAROSER VE DAMPER SANAY\u0130\",\"isPartOf\":{\"@id\":\"https:\/\/www.beykarsan.com\/#website\"},\"datePublished\":\"2022-04-22T14:47:47+00:00\",\"dateModified\":\"2024-03-21T16:13:20+00:00\",\"description\":\"Scania 360 Vabis Sebze \u00c7\u0131tal\u0131 S\u0131f\u0131r Kasa\",\"breadcrumb\":{\"@id\":\"https:\/\/www.beykarsan.com\/?product=scania-360-vabis-sebze-citali-sifir-kasa#breadcrumb\"},\"inLanguage\":\"tr\",\"potentialAction\":[{\"@type\":\"ReadAction\",\"target\":[\"https:\/\/www.beykarsan.com\/?product=scania-360-vabis-sebze-citali-sifir-kasa\"]}]},{\"@type\":\"BreadcrumbList\",\"@id\":\"https:\/\/www.beykarsan.com\/?product=scania-360-vabis-sebze-citali-sifir-kasa#breadcrumb\",\"itemListElement\":[{\"@type\":\"ListItem\",\"position\":1,\"name\":\"Anasayfa\",\"item\":\"https:\/\/www.beykarsan.com\/\"},{\"@type\":\"ListItem\",\"position\":2,\"name\":\"Scania 360 Vabis Sebze \u00c7\u0131tal\u0131 S\u0131f\u0131r Kasa\"}]},{\"@type\":\"WebSite\",\"@id\":\"https:\/\/www.beykarsan.com\/#website\",\"url\":\"https:\/\/www.beykarsan.com\/\",\"name\":\"BEYKARSAN KAROSER VE DAMPER SANAY\u0130\",\"description\":\"\u00dcSTYAPININ G\u00dcVEN\u0130L\u0130R ADRES\u0130\",\"publisher\":{\"@id\":\"https:\/\/www.beykarsan.com\/#organization\"},\"potentialAction\":[{\"@type\":\"SearchAction\",\"target\":{\"@type\":\"EntryPoint\",\"urlTemplate\":\"https:\/\/www.beykarsan.com\/?s={search_term_string}\"},\"query-input\":\"required name=search_term_string\"}],\"inLanguage\":\"tr\"},{\"@type\":\"Organization\",\"@id\":\"https:\/\/www.beykarsan.com\/#organization\",\"name\":\"BEYKARSAN KAROSER VE DAMPER SANAY\u0130\",\"url\":\"https:\/\/www.beykarsan.com\/\",\"logo\":{\"@type\":\"ImageObject\",\"inLanguage\":\"tr\",\"@id\":\"https:\/\/www.beykarsan.com\/#\/schema\/logo\/image\/\",\"url\":\"https:\/\/www.beykarsan.com\/wp-content\/uploads\/2020\/12\/cropped-beykarsan-logo.png\",\"contentUrl\":\"https:\/\/www.beykarsan.com\/wp-content\/uploads\/2020\/12\/cropped-beykarsan-logo.png\",\"width\":512,\"height\":512,\"caption\":\"BEYKARSAN KAROSER VE DAMPER SANAY\u0130\"},\"image\":{\"@id\":\"https:\/\/www.beykarsan.com\/#\/schema\/logo\/image\/\"},\"sameAs\":[\"https:\/\/www.facebook.com\/profile.php?id=100050422414160\",\"https:\/\/www.instagram.com\/beykarsankaroserdamper\/\"]}]}<\/script>\n<!-- \/ Yoast SEO plugin. -->","yoast_head_json":{"title":"Scania 360 Vabis Sebze \u00c7\u0131tal\u0131 S\u0131f\u0131r Kasa - BEYKARSAN KAROSER VE DAMPER SANAY\u0130","description":"Scania 360 Vabis Sebze \u00c7\u0131tal\u0131 S\u0131f\u0131r Kasa","robots":{"index":"index","follow":"follow","max-snippet":"max-snippet:-1","max-image-preview":"max-image-preview:large","max-video-preview":"max-video-preview:-1"},"canonical":"https:\/\/www.beykarsan.com\/?product=scania-360-vabis-sebze-citali-sifir-kasa","og_locale":"tr_TR","og_type":"article","og_title":"Scania 360 Vabis Sebze \u00c7\u0131tal\u0131 S\u0131f\u0131r Kasa - BEYKARSAN KAROSER VE DAMPER SANAY\u0130","og_description":"Scania 360 Vabis Sebze \u00c7\u0131tal\u0131 S\u0131f\u0131r Kasa","og_url":"https:\/\/www.beykarsan.com\/?product=scania-360-vabis-sebze-citali-sifir-kasa","og_site_name":"BEYKARSAN KAROSER VE DAMPER SANAY\u0130","article_publisher":"https:\/\/www.facebook.com\/profile.php?id=100050422414160","article_modified_time":"2024-03-21T16:13:20+00:00","og_image":[{"width":960,"height":720,"url":"https:\/\/www.beykarsan.com\/wp-content\/uploads\/2022\/04\/111057711_153261223031291_4528609104596584204_n.jpg","type":"image\/jpeg"}],"twitter_card":"summary_large_image","schema":{"@context":"https:\/\/schema.org","@graph":[{"@type":"WebPage","@id":"https:\/\/www.beykarsan.com\/?product=scania-360-vabis-sebze-citali-sifir-kasa","url":"https:\/\/www.beykarsan.com\/?product=scania-360-vabis-sebze-citali-sifir-kasa","name":"Scania 360 Vabis Sebze \u00c7\u0131tal\u0131 S\u0131f\u0131r Kasa - BEYKARSAN KAROSER VE DAMPER SANAY\u0130","isPartOf":{"@id":"https:\/\/www.beykarsan.com\/#website"},"datePublished":"2022-04-22T14:47:47+00:00","dateModified":"2024-03-21T16:13:20+00:00","description":"Scania 360 Vabis Sebze \u00c7\u0131tal\u0131 S\u0131f\u0131r Kasa","breadcrumb":{"@id":"https:\/\/www.beykarsan.com\/?product=scania-360-vabis-sebze-citali-sifir-kasa#breadcrumb"},"inLanguage":"tr","potentialAction":[{"@type":"ReadAction","target":["https:\/\/www.beykarsan.com\/?product=scania-360-vabis-sebze-citali-sifir-kasa"]}]},{"@type":"BreadcrumbList","@id":"https:\/\/www.beykarsan.com\/?product=scania-360-vabis-sebze-citali-sifir-kasa#breadcrumb","itemListElement":[{"@type":"ListItem","position":1,"name":"Anasayfa","item":"https:\/\/www.beykarsan.com\/"},{"@type":"ListItem","position":2,"name":"Scania 360 Vabis Sebze \u00c7\u0131tal\u0131 S\u0131f\u0131r Kasa"}]},{"@type":"WebSite","@id":"https:\/\/www.beykarsan.com\/#website","url":"https:\/\/www.beykarsan.com\/","name":"BEYKARSAN KAROSER VE DAMPER SANAY\u0130","description":"\u00dcSTYAPININ G\u00dcVEN\u0130L\u0130R ADRES\u0130","publisher":{"@id":"https:\/\/www.beykarsan.com\/#organization"},"potentialAction":[{"@type":"SearchAction","target":{"@type":"EntryPoint","urlTemplate":"https:\/\/www.beykarsan.com\/?s={search_term_string}"},"query-input":"required name=search_term_string"}],"inLanguage":"tr"},{"@type":"Organization","@id":"https:\/\/www.beykarsan.com\/#organization","name":"BEYKARSAN KAROSER VE DAMPER SANAY\u0130","url":"https:\/\/www.beykarsan.com\/","logo":{"@type":"ImageObject","inLanguage":"tr","@id":"https:\/\/www.beykarsan.com\/#\/schema\/logo\/image\/","url":"https:\/\/www.beykarsan.com\/wp-content\/uploads\/2020\/12\/cropped-beykarsan-logo.png","contentUrl":"https:\/\/www.beykarsan.com\/wp-content\/uploads\/2020\/12\/cropped-beykarsan-logo.png","width":512,"height":512,"caption":"BEYKARSAN KAROSER VE DAMPER SANAY\u0130"},"image":{"@id":"https:\/\/www.beykarsan.com\/#\/schema\/logo\/image\/"},"sameAs":["https:\/\/www.facebook.com\/profile.php?id=100050422414160","https:\/\/www.instagram.com\/beykarsankaroserdamper\/"]}]}},"_links":{"self":[{"href":"https:\/\/www.beykarsan.com\/index.php?rest_route=\/wp\/v2\/product\/372","targetHints":{"allow":["GET"]}}],"collection":[{"href":"https:\/\/www.beykarsan.com\/index.php?rest_route=\/wp\/v2\/product"}],"about":[{"href":"https:\/\/www.beykarsan.com\/index.php?rest_route=\/wp\/v2\/types\/product"}],"replies":[{"embeddable":true,"href":"https:\/\/www.beykarsan.com\/index.php?rest_route=%2Fwp%2Fv2%2Fcomments&post=372"}],"wp:featuredmedia":[{"embeddable":true,"href":"https:\/\/www.beykarsan.com\/index.php?rest_route=\/wp\/v2\/media\/341"}],"wp:attachment":[{"href":"https:\/\/www.beykarsan.com\/index.php?rest_route=%2Fwp%2Fv2%2Fmedia&parent=372"}],"wp:term":[{"taxonomy":"product_cat","embeddable":true,"href":"https:\/\/www.beykarsan.com\/index.php?rest_route=%2Fwp%2Fv2%2Fproduct_cat&post=372"},{"taxonomy":"product_tag","embeddable":true,"href":"https:\/\/www.beykarsan.com\/index.php?rest_route=%2Fwp%2Fv2%2Fproduct_tag&post=372"}],"curies":[{"name":"wp","href":"https:\/\/api.w.org\/{rel}","templated":true}]}}