{"id":7,"date":"2020-09-29T16:43:15","date_gmt":"2020-09-29T13:43:15","guid":{"rendered":"http:\/\/beykarsan.com\/?page_id=7"},"modified":"2023-01-28T12:54:09","modified_gmt":"2023-01-28T09:54:09","slug":"hakkimizda","status":"publish","type":"page","link":"https:\/\/www.beykarsan.com\/?page_id=7","title":{"rendered":"Hakk\u0131m\u0131zda"},"content":{"rendered":"\n<h1 class=\"wp-block-heading\"><img decoding=\"async\" style=\"width: 80px;\" src=\"http:\/\/www.beykarsan.com\/wp-content\/uploads\/2020\/12\/beykarsan-logo-e1650652328241.png\" alt=\"\">  Beykarsan Karoser Ve Damper Sanayi<\/h1>\n\n\n\n<div class=\"wp-block-media-text alignwide is-stacked-on-mobile\" style=\"grid-template-columns:42% auto\"><figure class=\"wp-block-media-text__media\"><img loading=\"lazy\" decoding=\"async\" width=\"1024\" height=\"768\" src=\"http:\/\/www.beykarsan.com\/wp-content\/uploads\/2022\/04\/WhatsApp-Image-2020-07-23-at-22.21.01-1-1024x768.jpeg\" alt=\"\" class=\"wp-image-344 size-full\" srcset=\"https:\/\/www.beykarsan.com\/wp-content\/uploads\/2022\/04\/WhatsApp-Image-2020-07-23-at-22.21.01-1-1024x768.jpeg 1024w, https:\/\/www.beykarsan.com\/wp-content\/uploads\/2022\/04\/WhatsApp-Image-2020-07-23-at-22.21.01-1-300x225.jpeg 300w, https:\/\/www.beykarsan.com\/wp-content\/uploads\/2022\/04\/WhatsApp-Image-2020-07-23-at-22.21.01-1-768x576.jpeg 768w, https:\/\/www.beykarsan.com\/wp-content\/uploads\/2022\/04\/WhatsApp-Image-2020-07-23-at-22.21.01-1-600x450.jpeg 600w, https:\/\/www.beykarsan.com\/wp-content\/uploads\/2022\/04\/WhatsApp-Image-2020-07-23-at-22.21.01-1-213x160.jpeg 213w, https:\/\/www.beykarsan.com\/wp-content\/uploads\/2022\/04\/WhatsApp-Image-2020-07-23-at-22.21.01-1-820x615.jpeg 820w, https:\/\/www.beykarsan.com\/wp-content\/uploads\/2022\/04\/WhatsApp-Image-2020-07-23-at-22.21.01-1.jpeg 1504w\" sizes=\"auto, (max-width: 1024px) 100vw, 1024px\" \/><\/figure><div class=\"wp-block-media-text__content\">\n<div class=\"wp-block-columns is-layout-flex wp-container-core-columns-is-layout-9d6595d7 wp-block-columns-is-layout-flex\">\n<div class=\"wp-block-column is-layout-flow wp-block-column-is-layout-flow\" style=\"flex-basis:100%\">\n<p class=\"has-medium-font-size\"><mark style=\"background-color:rgba(0, 0, 0, 0)\" class=\"has-inline-color has-black-color\">1975 y\u0131l\u0131nda kamyon karoseri \u00fcretmek amac\u0131yla Beypazar\u0131 karoser firmalar\u0131n\u0131n ortak birle\u015fimiyle Ankara Beypazar\u0131 il\u00e7esinde faaliyetlerine ba\u015flam\u0131\u015ft\u0131r. 2006 y\u0131l\u0131nda ortakl\u0131\u011f\u0131n\u0131 noktalam\u0131\u015f olup tek olarak ilerlemi\u015ftir. \u0130leriye y\u00f6nelik kararl\u0131 ve bilin\u00e7li ad\u0131mlar\u0131 atabilmenin ancak kurumsal bir kimlikle m\u00fcmk\u00fcn olabilece\u011fi d\u00fc\u015f\u00fcncesi ile 2009 y\u0131l\u0131nda yeniden yap\u0131lanma faaliyetlerine ba\u015flanm\u0131\u015f ve bu faaliyetlerin neticesinde \u00fcr\u00fcn yelpazesi geni\u015fletilerek tercih edilen markalar aras\u0131nda yer alm\u0131\u015ft\u0131r. Beykarsan Karoser ve Damper Sanayi Beypazar\u0131&#8217;na y\u00fcksek oranda istihdam sa\u011flamaktad\u0131r. 4 \u015eubesi ile Beypazar\u0131&#8217;nda en y\u00fcksek i\u015f potansiyeli olan kendisini en h\u0131zl\u0131 \u015fekilde geli\u015ftirip kurumsalla\u015fan firmalar\u0131n ba\u015f\u0131nda gelmektedir. \u00c7evresine duyarl\u0131 ,proje arge \u00e7al\u0131\u015fmalar\u0131n\u0131 \u00f6nemseyen, i\u015fini en kaliteli bi\u00e7imde yapmaya \u00f6zen g\u00f6steren ve \u00e7al\u0131\u015fanlar\u0131na da bu ilkeleri benimseten bir anlay\u0131\u015fla \u00fcst yap\u0131 \u00fcretmeye devam etmektedir.<\/mark><\/p>\n<\/div>\n<\/div>\n<\/div><\/div>\n\n\n\n<hr class=\"wp-block-separator has-alpha-channel-opacity is-style-wide\"\/>\n\n\n\n<p class=\"has-text-align-center\"><\/p>\n\n\n\n<div class=\"wp-block-columns alignfull has-text-color has-background is-layout-flex wp-container-core-columns-is-layout-9d6595d7 wp-block-columns-is-layout-flex\" style=\"color:#000000;background-color:#ffffff\">\n<div class=\"wp-block-column is-layout-flow wp-block-column-is-layout-flow\">\n<h3 class=\"wp-block-heading\" style=\"font-size:24px;line-height:1.3\">Misyonumuz<\/h3>\n\n\n\n<p>Bizimle ileti\u015fime ge\u00e7en her m\u00fc\u015fterimizin ihtiya\u00e7lar\u0131n\u0131 do\u011fru bir \u015fekilde kar\u015f\u0131lay\u0131p, memnuniyete dayal\u0131 bir hizmet sunmak. <\/p>\n<\/div>\n\n\n\n<div class=\"wp-block-column is-layout-flow wp-block-column-is-layout-flow\">\n<h3 class=\"wp-block-heading\" style=\"font-size:24px;line-height:1.3\">Vizyonumuz<\/h3>\n\n\n\n<p>Sekt\u00f6rde lider, \u00e7al\u0131\u015fanlar\u0131na ve m\u00fc\u015fterilerine katma de\u011fer sunan bir \u015firket olarak \u00fcstyap\u0131da bir d\u00fcnya markas\u0131 olmak.<\/p>\n<\/div>\n\n\n\n<div class=\"wp-block-column is-layout-flow wp-block-column-is-layout-flow\">\n<h3 class=\"wp-block-heading\" style=\"font-size:24px;line-height:1.3\">Kalite Politikam\u0131z<\/h3>\n\n\n\n<p>Kalite Y\u00f6netim Sistemleri ile 5S,Kaizen vb. s\u00fcre\u00e7leri takip ederek \u00fcr\u00fcnlerimizde kaliteyi ama\u00e7lamaktay\u0131z. Ara\u00e7lar\u0131m\u0131z\u0131 muayeneyene uygun olarak teslim etmekteyiz. <\/p>\n<\/div>\n<\/div>\n","protected":false},"excerpt":{"rendered":"<p>Beykarsan Karoser Ve Damper Sanayi Misyonumuz Bizimle ileti\u015fime ge\u00e7en her m\u00fc\u015fterimizin ihtiya\u00e7lar\u0131n\u0131 do\u011fru bir \u015fekilde kar\u015f\u0131lay\u0131p, memnuniyete dayal\u0131 bir hizmet sunmak. Vizyonumuz Sekt\u00f6rde lider, \u00e7al\u0131\u015fanlar\u0131na ve m\u00fc\u015fterilerine katma de\u011fer sunan bir \u015firket olarak \u00fcstyap\u0131da bir d\u00fcnya markas\u0131 olmak. Kalite Politikam\u0131z Kalite Y\u00f6netim Sistemleri ile 5S,Kaizen vb. s\u00fcre\u00e7leri takip ederek \u00fcr\u00fcnlerimizde kaliteyi ama\u00e7lamaktay\u0131z. Ara\u00e7lar\u0131m\u0131z\u0131 muayeneyene uygun [&hellip;]<\/p>\n","protected":false},"author":1,"featured_media":0,"parent":0,"menu_order":0,"comment_status":"closed","ping_status":"closed","template":"page-templates\/page_fullwidth.php","meta":{"footnotes":""},"class_list":["post-7","page","type-page","status-publish","hentry"],"yoast_head":"<!-- This site is optimized with the Yoast SEO plugin v21.1 - https:\/\/yoast.com\/wordpress\/plugins\/seo\/ -->\n<title>Hakk\u0131m\u0131zda - BEYKARSAN KAROSER VE DAMPER SANAY\u0130<\/title>\n<meta name=\"robots\" content=\"index, follow, max-snippet:-1, max-image-preview:large, max-video-preview:-1\" \/>\n<link rel=\"canonical\" href=\"https:\/\/www.beykarsan.com\/?page_id=7\" \/>\n<meta property=\"og:locale\" content=\"tr_TR\" \/>\n<meta property=\"og:type\" content=\"article\" \/>\n<meta property=\"og:title\" content=\"Hakk\u0131m\u0131zda - BEYKARSAN KAROSER VE DAMPER SANAY\u0130\" \/>\n<meta property=\"og:description\" content=\"Beykarsan Karoser Ve Damper Sanayi Misyonumuz Bizimle ileti\u015fime ge\u00e7en her m\u00fc\u015fterimizin ihtiya\u00e7lar\u0131n\u0131 do\u011fru bir \u015fekilde kar\u015f\u0131lay\u0131p, memnuniyete dayal\u0131 bir hizmet sunmak. Vizyonumuz Sekt\u00f6rde lider, \u00e7al\u0131\u015fanlar\u0131na ve m\u00fc\u015fterilerine katma de\u011fer sunan bir \u015firket olarak \u00fcstyap\u0131da bir d\u00fcnya markas\u0131 olmak. Kalite Politikam\u0131z Kalite Y\u00f6netim Sistemleri ile 5S,Kaizen vb. s\u00fcre\u00e7leri takip ederek \u00fcr\u00fcnlerimizde kaliteyi ama\u00e7lamaktay\u0131z. Ara\u00e7lar\u0131m\u0131z\u0131 muayeneyene uygun [&hellip;]\" \/>\n<meta property=\"og:url\" content=\"https:\/\/www.beykarsan.com\/?page_id=7\" \/>\n<meta property=\"og:site_name\" content=\"BEYKARSAN KAROSER VE DAMPER SANAY\u0130\" \/>\n<meta property=\"article:publisher\" content=\"https:\/\/www.facebook.com\/profile.php?id=100050422414160\" \/>\n<meta property=\"article:modified_time\" content=\"2023-01-28T09:54:09+00:00\" \/>\n<meta property=\"og:image\" content=\"http:\/\/www.beykarsan.com\/wp-content\/uploads\/2020\/12\/beykarsan-logo-e1650652328241.png\" \/>\n<meta name=\"twitter:card\" content=\"summary_large_image\" \/>\n<meta name=\"twitter:label1\" content=\"Tahmini okuma s\u00fcresi\" \/>\n\t<meta name=\"twitter:data1\" content=\"2 dakika\" \/>\n<script type=\"application\/ld+json\" class=\"yoast-schema-graph\">{\"@context\":\"https:\/\/schema.org\",\"@graph\":[{\"@type\":\"WebPage\",\"@id\":\"https:\/\/www.beykarsan.com\/?page_id=7\",\"url\":\"https:\/\/www.beykarsan.com\/?page_id=7\",\"name\":\"Hakk\u0131m\u0131zda - BEYKARSAN KAROSER VE DAMPER SANAY\u0130\",\"isPartOf\":{\"@id\":\"https:\/\/www.beykarsan.com\/#website\"},\"datePublished\":\"2020-09-29T13:43:15+00:00\",\"dateModified\":\"2023-01-28T09:54:09+00:00\",\"breadcrumb\":{\"@id\":\"https:\/\/www.beykarsan.com\/?page_id=7#breadcrumb\"},\"inLanguage\":\"tr\",\"potentialAction\":[{\"@type\":\"ReadAction\",\"target\":[\"https:\/\/www.beykarsan.com\/?page_id=7\"]}]},{\"@type\":\"BreadcrumbList\",\"@id\":\"https:\/\/www.beykarsan.com\/?page_id=7#breadcrumb\",\"itemListElement\":[{\"@type\":\"ListItem\",\"position\":1,\"name\":\"Anasayfa\",\"item\":\"https:\/\/www.beykarsan.com\/\"},{\"@type\":\"ListItem\",\"position\":2,\"name\":\"Hakk\u0131m\u0131zda\"}]},{\"@type\":\"WebSite\",\"@id\":\"https:\/\/www.beykarsan.com\/#website\",\"url\":\"https:\/\/www.beykarsan.com\/\",\"name\":\"BEYKARSAN KAROSER VE DAMPER SANAY\u0130\",\"description\":\"\u00dcSTYAPININ G\u00dcVEN\u0130L\u0130R ADRES\u0130\",\"publisher\":{\"@id\":\"https:\/\/www.beykarsan.com\/#organization\"},\"potentialAction\":[{\"@type\":\"SearchAction\",\"target\":{\"@type\":\"EntryPoint\",\"urlTemplate\":\"https:\/\/www.beykarsan.com\/?s={search_term_string}\"},\"query-input\":\"required name=search_term_string\"}],\"inLanguage\":\"tr\"},{\"@type\":\"Organization\",\"@id\":\"https:\/\/www.beykarsan.com\/#organization\",\"name\":\"BEYKARSAN KAROSER VE DAMPER SANAY\u0130\",\"url\":\"https:\/\/www.beykarsan.com\/\",\"logo\":{\"@type\":\"ImageObject\",\"inLanguage\":\"tr\",\"@id\":\"https:\/\/www.beykarsan.com\/#\/schema\/logo\/image\/\",\"url\":\"https:\/\/www.beykarsan.com\/wp-content\/uploads\/2020\/12\/cropped-beykarsan-logo.png\",\"contentUrl\":\"https:\/\/www.beykarsan.com\/wp-content\/uploads\/2020\/12\/cropped-beykarsan-logo.png\",\"width\":512,\"height\":512,\"caption\":\"BEYKARSAN KAROSER VE DAMPER SANAY\u0130\"},\"image\":{\"@id\":\"https:\/\/www.beykarsan.com\/#\/schema\/logo\/image\/\"},\"sameAs\":[\"https:\/\/www.facebook.com\/profile.php?id=100050422414160\",\"https:\/\/www.instagram.com\/beykarsankaroserdamper\/\"]}]}<\/script>\n<!-- \/ Yoast SEO plugin. -->","yoast_head_json":{"title":"Hakk\u0131m\u0131zda - BEYKARSAN KAROSER VE DAMPER SANAY\u0130","robots":{"index":"index","follow":"follow","max-snippet":"max-snippet:-1","max-image-preview":"max-image-preview:large","max-video-preview":"max-video-preview:-1"},"canonical":"https:\/\/www.beykarsan.com\/?page_id=7","og_locale":"tr_TR","og_type":"article","og_title":"Hakk\u0131m\u0131zda - BEYKARSAN KAROSER VE DAMPER SANAY\u0130","og_description":"Beykarsan Karoser Ve Damper Sanayi Misyonumuz Bizimle ileti\u015fime ge\u00e7en her m\u00fc\u015fterimizin ihtiya\u00e7lar\u0131n\u0131 do\u011fru bir \u015fekilde kar\u015f\u0131lay\u0131p, memnuniyete dayal\u0131 bir hizmet sunmak. Vizyonumuz Sekt\u00f6rde lider, \u00e7al\u0131\u015fanlar\u0131na ve m\u00fc\u015fterilerine katma de\u011fer sunan bir \u015firket olarak \u00fcstyap\u0131da bir d\u00fcnya markas\u0131 olmak. Kalite Politikam\u0131z Kalite Y\u00f6netim Sistemleri ile 5S,Kaizen vb. s\u00fcre\u00e7leri takip ederek \u00fcr\u00fcnlerimizde kaliteyi ama\u00e7lamaktay\u0131z. Ara\u00e7lar\u0131m\u0131z\u0131 muayeneyene uygun [&hellip;]","og_url":"https:\/\/www.beykarsan.com\/?page_id=7","og_site_name":"BEYKARSAN KAROSER VE DAMPER SANAY\u0130","article_publisher":"https:\/\/www.facebook.com\/profile.php?id=100050422414160","article_modified_time":"2023-01-28T09:54:09+00:00","og_image":[{"url":"http:\/\/www.beykarsan.com\/wp-content\/uploads\/2020\/12\/beykarsan-logo-e1650652328241.png"}],"twitter_card":"summary_large_image","twitter_misc":{"Tahmini okuma s\u00fcresi":"2 dakika"},"schema":{"@context":"https:\/\/schema.org","@graph":[{"@type":"WebPage","@id":"https:\/\/www.beykarsan.com\/?page_id=7","url":"https:\/\/www.beykarsan.com\/?page_id=7","name":"Hakk\u0131m\u0131zda - BEYKARSAN KAROSER VE DAMPER SANAY\u0130","isPartOf":{"@id":"https:\/\/www.beykarsan.com\/#website"},"datePublished":"2020-09-29T13:43:15+00:00","dateModified":"2023-01-28T09:54:09+00:00","breadcrumb":{"@id":"https:\/\/www.beykarsan.com\/?page_id=7#breadcrumb"},"inLanguage":"tr","potentialAction":[{"@type":"ReadAction","target":["https:\/\/www.beykarsan.com\/?page_id=7"]}]},{"@type":"BreadcrumbList","@id":"https:\/\/www.beykarsan.com\/?page_id=7#breadcrumb","itemListElement":[{"@type":"ListItem","position":1,"name":"Anasayfa","item":"https:\/\/www.beykarsan.com\/"},{"@type":"ListItem","position":2,"name":"Hakk\u0131m\u0131zda"}]},{"@type":"WebSite","@id":"https:\/\/www.beykarsan.com\/#website","url":"https:\/\/www.beykarsan.com\/","name":"BEYKARSAN KAROSER VE DAMPER SANAY\u0130","description":"\u00dcSTYAPININ G\u00dcVEN\u0130L\u0130R ADRES\u0130","publisher":{"@id":"https:\/\/www.beykarsan.com\/#organization"},"potentialAction":[{"@type":"SearchAction","target":{"@type":"EntryPoint","urlTemplate":"https:\/\/www.beykarsan.com\/?s={search_term_string}"},"query-input":"required name=search_term_string"}],"inLanguage":"tr"},{"@type":"Organization","@id":"https:\/\/www.beykarsan.com\/#organization","name":"BEYKARSAN KAROSER VE DAMPER SANAY\u0130","url":"https:\/\/www.beykarsan.com\/","logo":{"@type":"ImageObject","inLanguage":"tr","@id":"https:\/\/www.beykarsan.com\/#\/schema\/logo\/image\/","url":"https:\/\/www.beykarsan.com\/wp-content\/uploads\/2020\/12\/cropped-beykarsan-logo.png","contentUrl":"https:\/\/www.beykarsan.com\/wp-content\/uploads\/2020\/12\/cropped-beykarsan-logo.png","width":512,"height":512,"caption":"BEYKARSAN KAROSER VE DAMPER SANAY\u0130"},"image":{"@id":"https:\/\/www.beykarsan.com\/#\/schema\/logo\/image\/"},"sameAs":["https:\/\/www.facebook.com\/profile.php?id=100050422414160","https:\/\/www.instagram.com\/beykarsankaroserdamper\/"]}]}},"_links":{"self":[{"href":"https:\/\/www.beykarsan.com\/index.php?rest_route=\/wp\/v2\/pages\/7","targetHints":{"allow":["GET"]}}],"collection":[{"href":"https:\/\/www.beykarsan.com\/index.php?rest_route=\/wp\/v2\/pages"}],"about":[{"href":"https:\/\/www.beykarsan.com\/index.php?rest_route=\/wp\/v2\/types\/page"}],"author":[{"embeddable":true,"href":"https:\/\/www.beykarsan.com\/index.php?rest_route=\/wp\/v2\/users\/1"}],"replies":[{"embeddable":true,"href":"https:\/\/www.beykarsan.com\/index.php?rest_route=%2Fwp%2Fv2%2Fcomments&post=7"}],"version-history":[{"count":19,"href":"https:\/\/www.beykarsan.com\/index.php?rest_route=\/wp\/v2\/pages\/7\/revisions"}],"predecessor-version":[{"id":552,"href":"https:\/\/www.beykarsan.com\/index.php?rest_route=\/wp\/v2\/pages\/7\/revisions\/552"}],"wp:attachment":[{"href":"https:\/\/www.beykarsan.com\/index.php?rest_route=%2Fwp%2Fv2%2Fmedia&parent=7"}],"curies":[{"name":"wp","href":"https:\/\/api.w.org\/{rel}","templated":true}]}}