{"id":43,"date":"2020-11-30T21:12:40","date_gmt":"2020-11-30T18:12:40","guid":{"rendered":"http:\/\/beykarsan.com\/?page_id=43"},"modified":"2022-04-08T17:06:52","modified_gmt":"2022-04-08T14:06:52","slug":"urunler","status":"publish","type":"page","link":"https:\/\/www.beykarsan.com\/?page_id=43","title":{"rendered":"2. El Karoserler"},"content":{"rendered":"","protected":false},"excerpt":{"rendered":"","protected":false},"author":1,"featured_media":0,"parent":0,"menu_order":0,"comment_status":"closed","ping_status":"closed","template":"page-templates\/page_fullwidth.php","meta":{"footnotes":""},"class_list":["post-43","page","type-page","status-publish","hentry"],"yoast_head":"<!-- This site is optimized with the Yoast SEO plugin v21.1 - https:\/\/yoast.com\/wordpress\/plugins\/seo\/ -->\n<title>2. El Karoserler - BEYKARSAN KAROSER VE DAMPER SANAY\u0130<\/title>\n<meta name=\"robots\" content=\"index, follow, max-snippet:-1, max-image-preview:large, max-video-preview:-1\" \/>\n<link rel=\"canonical\" href=\"https:\/\/www.beykarsan.com\/?page_id=43\" \/>\n<meta property=\"og:locale\" content=\"tr_TR\" \/>\n<meta property=\"og:type\" content=\"article\" \/>\n<meta property=\"og:title\" content=\"2. El Karoserler - BEYKARSAN KAROSER VE DAMPER SANAY\u0130\" \/>\n<meta property=\"og:url\" content=\"https:\/\/www.beykarsan.com\/?page_id=43\" \/>\n<meta property=\"og:site_name\" content=\"BEYKARSAN KAROSER VE DAMPER SANAY\u0130\" \/>\n<meta property=\"article:publisher\" content=\"https:\/\/www.facebook.com\/profile.php?id=100050422414160\" \/>\n<meta property=\"article:modified_time\" content=\"2022-04-08T14:06:52+00:00\" \/>\n<meta name=\"twitter:card\" content=\"summary_large_image\" \/>\n<script type=\"application\/ld+json\" class=\"yoast-schema-graph\">{\"@context\":\"https:\/\/schema.org\",\"@graph\":[{\"@type\":\"WebPage\",\"@id\":\"https:\/\/www.beykarsan.com\/?page_id=43\",\"url\":\"https:\/\/www.beykarsan.com\/?page_id=43\",\"name\":\"2. El Karoserler - BEYKARSAN KAROSER VE DAMPER SANAY\u0130\",\"isPartOf\":{\"@id\":\"https:\/\/www.beykarsan.com\/#website\"},\"datePublished\":\"2020-11-30T18:12:40+00:00\",\"dateModified\":\"2022-04-08T14:06:52+00:00\",\"breadcrumb\":{\"@id\":\"https:\/\/www.beykarsan.com\/?page_id=43#breadcrumb\"},\"inLanguage\":\"tr\",\"potentialAction\":[{\"@type\":\"ReadAction\",\"target\":[\"https:\/\/www.beykarsan.com\/?page_id=43\"]}]},{\"@type\":\"BreadcrumbList\",\"@id\":\"https:\/\/www.beykarsan.com\/?page_id=43#breadcrumb\",\"itemListElement\":[{\"@type\":\"ListItem\",\"position\":1,\"name\":\"Anasayfa\",\"item\":\"https:\/\/www.beykarsan.com\/\"},{\"@type\":\"ListItem\",\"position\":2,\"name\":\"2. El Karoserler\"}]},{\"@type\":\"WebSite\",\"@id\":\"https:\/\/www.beykarsan.com\/#website\",\"url\":\"https:\/\/www.beykarsan.com\/\",\"name\":\"BEYKARSAN KAROSER VE DAMPER SANAY\u0130\",\"description\":\"\u00dcSTYAPININ G\u00dcVEN\u0130L\u0130R ADRES\u0130\",\"publisher\":{\"@id\":\"https:\/\/www.beykarsan.com\/#organization\"},\"potentialAction\":[{\"@type\":\"SearchAction\",\"target\":{\"@type\":\"EntryPoint\",\"urlTemplate\":\"https:\/\/www.beykarsan.com\/?s={search_term_string}\"},\"query-input\":\"required name=search_term_string\"}],\"inLanguage\":\"tr\"},{\"@type\":\"Organization\",\"@id\":\"https:\/\/www.beykarsan.com\/#organization\",\"name\":\"BEYKARSAN KAROSER VE DAMPER SANAY\u0130\",\"url\":\"https:\/\/www.beykarsan.com\/\",\"logo\":{\"@type\":\"ImageObject\",\"inLanguage\":\"tr\",\"@id\":\"https:\/\/www.beykarsan.com\/#\/schema\/logo\/image\/\",\"url\":\"https:\/\/www.beykarsan.com\/wp-content\/uploads\/2020\/12\/cropped-beykarsan-logo.png\",\"contentUrl\":\"https:\/\/www.beykarsan.com\/wp-content\/uploads\/2020\/12\/cropped-beykarsan-logo.png\",\"width\":512,\"height\":512,\"caption\":\"BEYKARSAN KAROSER VE DAMPER SANAY\u0130\"},\"image\":{\"@id\":\"https:\/\/www.beykarsan.com\/#\/schema\/logo\/image\/\"},\"sameAs\":[\"https:\/\/www.facebook.com\/profile.php?id=100050422414160\",\"https:\/\/www.instagram.com\/beykarsankaroserdamper\/\"]}]}<\/script>\n<!-- \/ Yoast SEO plugin. -->","yoast_head_json":{"title":"2. El Karoserler - BEYKARSAN KAROSER VE DAMPER SANAY\u0130","robots":{"index":"index","follow":"follow","max-snippet":"max-snippet:-1","max-image-preview":"max-image-preview:large","max-video-preview":"max-video-preview:-1"},"canonical":"https:\/\/www.beykarsan.com\/?page_id=43","og_locale":"tr_TR","og_type":"article","og_title":"2. El Karoserler - BEYKARSAN KAROSER VE DAMPER SANAY\u0130","og_url":"https:\/\/www.beykarsan.com\/?page_id=43","og_site_name":"BEYKARSAN KAROSER VE DAMPER SANAY\u0130","article_publisher":"https:\/\/www.facebook.com\/profile.php?id=100050422414160","article_modified_time":"2022-04-08T14:06:52+00:00","twitter_card":"summary_large_image","schema":{"@context":"https:\/\/schema.org","@graph":[{"@type":"WebPage","@id":"https:\/\/www.beykarsan.com\/?page_id=43","url":"https:\/\/www.beykarsan.com\/?page_id=43","name":"2. El Karoserler - BEYKARSAN KAROSER VE DAMPER SANAY\u0130","isPartOf":{"@id":"https:\/\/www.beykarsan.com\/#website"},"datePublished":"2020-11-30T18:12:40+00:00","dateModified":"2022-04-08T14:06:52+00:00","breadcrumb":{"@id":"https:\/\/www.beykarsan.com\/?page_id=43#breadcrumb"},"inLanguage":"tr","potentialAction":[{"@type":"ReadAction","target":["https:\/\/www.beykarsan.com\/?page_id=43"]}]},{"@type":"BreadcrumbList","@id":"https:\/\/www.beykarsan.com\/?page_id=43#breadcrumb","itemListElement":[{"@type":"ListItem","position":1,"name":"Anasayfa","item":"https:\/\/www.beykarsan.com\/"},{"@type":"ListItem","position":2,"name":"2. El Karoserler"}]},{"@type":"WebSite","@id":"https:\/\/www.beykarsan.com\/#website","url":"https:\/\/www.beykarsan.com\/","name":"BEYKARSAN KAROSER VE DAMPER SANAY\u0130","description":"\u00dcSTYAPININ G\u00dcVEN\u0130L\u0130R ADRES\u0130","publisher":{"@id":"https:\/\/www.beykarsan.com\/#organization"},"potentialAction":[{"@type":"SearchAction","target":{"@type":"EntryPoint","urlTemplate":"https:\/\/www.beykarsan.com\/?s={search_term_string}"},"query-input":"required name=search_term_string"}],"inLanguage":"tr"},{"@type":"Organization","@id":"https:\/\/www.beykarsan.com\/#organization","name":"BEYKARSAN KAROSER VE DAMPER SANAY\u0130","url":"https:\/\/www.beykarsan.com\/","logo":{"@type":"ImageObject","inLanguage":"tr","@id":"https:\/\/www.beykarsan.com\/#\/schema\/logo\/image\/","url":"https:\/\/www.beykarsan.com\/wp-content\/uploads\/2020\/12\/cropped-beykarsan-logo.png","contentUrl":"https:\/\/www.beykarsan.com\/wp-content\/uploads\/2020\/12\/cropped-beykarsan-logo.png","width":512,"height":512,"caption":"BEYKARSAN KAROSER VE DAMPER SANAY\u0130"},"image":{"@id":"https:\/\/www.beykarsan.com\/#\/schema\/logo\/image\/"},"sameAs":["https:\/\/www.facebook.com\/profile.php?id=100050422414160","https:\/\/www.instagram.com\/beykarsankaroserdamper\/"]}]}},"_links":{"self":[{"href":"https:\/\/www.beykarsan.com\/index.php?rest_route=\/wp\/v2\/pages\/43","targetHints":{"allow":["GET"]}}],"collection":[{"href":"https:\/\/www.beykarsan.com\/index.php?rest_route=\/wp\/v2\/pages"}],"about":[{"href":"https:\/\/www.beykarsan.com\/index.php?rest_route=\/wp\/v2\/types\/page"}],"author":[{"embeddable":true,"href":"https:\/\/www.beykarsan.com\/index.php?rest_route=\/wp\/v2\/users\/1"}],"replies":[{"embeddable":true,"href":"https:\/\/www.beykarsan.com\/index.php?rest_route=%2Fwp%2Fv2%2Fcomments&post=43"}],"version-history":[{"count":6,"href":"https:\/\/www.beykarsan.com\/index.php?rest_route=\/wp\/v2\/pages\/43\/revisions"}],"predecessor-version":[{"id":182,"href":"https:\/\/www.beykarsan.com\/index.php?rest_route=\/wp\/v2\/pages\/43\/revisions\/182"}],"wp:attachment":[{"href":"https:\/\/www.beykarsan.com\/index.php?rest_route=%2Fwp%2Fv2%2Fmedia&parent=43"}],"curies":[{"name":"wp","href":"https:\/\/api.w.org\/{rel}","templated":true}]}}