{"id":194,"date":"2021-10-11T22:13:03","date_gmt":"2021-10-11T19:13:03","guid":{"rendered":"http:\/\/beykarsan.com\/?page_id=194"},"modified":"2023-01-27T23:33:27","modified_gmt":"2023-01-27T20:33:27","slug":"urunlerimiz","status":"publish","type":"page","link":"https:\/\/www.beykarsan.com\/","title":{"rendered":"\u00dcr\u00fcnlerimiz"},"content":{"rendered":"","protected":false},"excerpt":{"rendered":"","protected":false},"author":2,"featured_media":282,"parent":0,"menu_order":1,"comment_status":"closed","ping_status":"closed","template":"","meta":{"footnotes":""},"class_list":["post-194","page","type-page","status-publish","has-post-thumbnail","hentry"],"yoast_head":"<!-- This site is optimized with the Yoast SEO plugin v21.1 - https:\/\/yoast.com\/wordpress\/plugins\/seo\/ -->\n<title>\u00dcr\u00fcnlerimiz - BEYKARSAN KAROSER VE DAMPER SANAY\u0130 \u00dcSTYAPININ G\u00dcVEN\u0130L\u0130R ADRES\u0130<\/title>\n<meta name=\"description\" content=\"Beykarsan Karoser ve Damper Sanayi&#039;nde Beypazar\u0131 karoseri imalat\u0131, kumlama,boyama,tadilat ve bak\u0131m hizmeti verilmektedir.\" \/>\n<meta name=\"robots\" content=\"index, follow, max-snippet:-1, max-image-preview:large, max-video-preview:-1\" \/>\n<link rel=\"canonical\" href=\"https:\/\/www.beykarsan.com\/\" \/>\n<meta property=\"og:locale\" content=\"tr_TR\" \/>\n<meta property=\"og:type\" content=\"article\" \/>\n<meta property=\"og:title\" content=\"\u00dcr\u00fcnlerimiz - BEYKARSAN KAROSER VE DAMPER SANAY\u0130 \u00dcSTYAPININ G\u00dcVEN\u0130L\u0130R ADRES\u0130\" \/>\n<meta property=\"og:description\" content=\"Beykarsan Karoser ve Damper Sanayi&#039;nde Beypazar\u0131 karoseri imalat\u0131, kumlama,boyama,tadilat ve bak\u0131m hizmeti verilmektedir.\" \/>\n<meta property=\"og:url\" content=\"https:\/\/www.beykarsan.com\/\" \/>\n<meta property=\"og:site_name\" content=\"BEYKARSAN KAROSER VE DAMPER SANAY\u0130\" \/>\n<meta property=\"article:publisher\" content=\"https:\/\/www.facebook.com\/profile.php?id=100050422414160\" \/>\n<meta property=\"article:modified_time\" content=\"2023-01-27T20:33:27+00:00\" \/>\n<meta property=\"og:image\" content=\"https:\/\/www.beykarsan.com\/wp-content\/uploads\/2022\/04\/IMG_6584-scaled.jpeg\" \/>\n\t<meta property=\"og:image:width\" content=\"4032\" \/>\n\t<meta property=\"og:image:height\" content=\"3024\" \/>\n\t<meta property=\"og:image:type\" content=\"image\/jpeg\" \/>\n<meta name=\"twitter:card\" content=\"summary_large_image\" \/>\n<script type=\"application\/ld+json\" class=\"yoast-schema-graph\">{\"@context\":\"https:\/\/schema.org\",\"@graph\":[{\"@type\":[\"WebPage\",\"ItemPage\"],\"@id\":\"https:\/\/www.beykarsan.com\/\",\"url\":\"https:\/\/www.beykarsan.com\/\",\"name\":\"\u00dcr\u00fcnlerimiz - BEYKARSAN KAROSER VE DAMPER SANAY\u0130 \u00dcSTYAPININ G\u00dcVEN\u0130L\u0130R ADRES\u0130\",\"isPartOf\":{\"@id\":\"https:\/\/www.beykarsan.com\/#website\"},\"datePublished\":\"2021-10-11T19:13:03+00:00\",\"dateModified\":\"2023-01-27T20:33:27+00:00\",\"description\":\"Beykarsan Karoser ve Damper Sanayi'nde Beypazar\u0131 karoseri imalat\u0131, kumlama,boyama,tadilat ve bak\u0131m hizmeti verilmektedir.\",\"breadcrumb\":{\"@id\":\"https:\/\/www.beykarsan.com\/#breadcrumb\"},\"inLanguage\":\"tr\",\"potentialAction\":[{\"@type\":\"ReadAction\",\"target\":[\"https:\/\/www.beykarsan.com\/\"]}]},{\"@type\":\"BreadcrumbList\",\"@id\":\"https:\/\/www.beykarsan.com\/#breadcrumb\",\"itemListElement\":[{\"@type\":\"ListItem\",\"position\":1,\"name\":\"Anasayfa\",\"item\":\"https:\/\/www.beykarsan.com\/\"},{\"@type\":\"ListItem\",\"position\":2,\"name\":\"\u00dcr\u00fcnlerimiz\"}]},{\"@type\":\"WebSite\",\"@id\":\"https:\/\/www.beykarsan.com\/#website\",\"url\":\"https:\/\/www.beykarsan.com\/\",\"name\":\"BEYKARSAN KAROSER VE DAMPER SANAY\u0130\",\"description\":\"\u00dcSTYAPININ G\u00dcVEN\u0130L\u0130R ADRES\u0130\",\"publisher\":{\"@id\":\"https:\/\/www.beykarsan.com\/#organization\"},\"potentialAction\":[{\"@type\":\"SearchAction\",\"target\":{\"@type\":\"EntryPoint\",\"urlTemplate\":\"https:\/\/www.beykarsan.com\/?s={search_term_string}\"},\"query-input\":\"required name=search_term_string\"}],\"inLanguage\":\"tr\"},{\"@type\":\"Organization\",\"@id\":\"https:\/\/www.beykarsan.com\/#organization\",\"name\":\"BEYKARSAN KAROSER VE DAMPER SANAY\u0130\",\"url\":\"https:\/\/www.beykarsan.com\/\",\"logo\":{\"@type\":\"ImageObject\",\"inLanguage\":\"tr\",\"@id\":\"https:\/\/www.beykarsan.com\/#\/schema\/logo\/image\/\",\"url\":\"https:\/\/www.beykarsan.com\/wp-content\/uploads\/2020\/12\/cropped-beykarsan-logo.png\",\"contentUrl\":\"https:\/\/www.beykarsan.com\/wp-content\/uploads\/2020\/12\/cropped-beykarsan-logo.png\",\"width\":512,\"height\":512,\"caption\":\"BEYKARSAN KAROSER VE DAMPER SANAY\u0130\"},\"image\":{\"@id\":\"https:\/\/www.beykarsan.com\/#\/schema\/logo\/image\/\"},\"sameAs\":[\"https:\/\/www.facebook.com\/profile.php?id=100050422414160\",\"https:\/\/www.instagram.com\/beykarsankaroserdamper\/\"]}]}<\/script>\n<!-- \/ Yoast SEO plugin. -->","yoast_head_json":{"title":"\u00dcr\u00fcnlerimiz - BEYKARSAN KAROSER VE DAMPER SANAY\u0130 \u00dcSTYAPININ G\u00dcVEN\u0130L\u0130R ADRES\u0130","description":"Beykarsan Karoser ve Damper Sanayi'nde Beypazar\u0131 karoseri imalat\u0131, kumlama,boyama,tadilat ve bak\u0131m hizmeti verilmektedir.","robots":{"index":"index","follow":"follow","max-snippet":"max-snippet:-1","max-image-preview":"max-image-preview:large","max-video-preview":"max-video-preview:-1"},"canonical":"https:\/\/www.beykarsan.com\/","og_locale":"tr_TR","og_type":"article","og_title":"\u00dcr\u00fcnlerimiz - BEYKARSAN KAROSER VE DAMPER SANAY\u0130 \u00dcSTYAPININ G\u00dcVEN\u0130L\u0130R ADRES\u0130","og_description":"Beykarsan Karoser ve Damper Sanayi'nde Beypazar\u0131 karoseri imalat\u0131, kumlama,boyama,tadilat ve bak\u0131m hizmeti verilmektedir.","og_url":"https:\/\/www.beykarsan.com\/","og_site_name":"BEYKARSAN KAROSER VE DAMPER SANAY\u0130","article_publisher":"https:\/\/www.facebook.com\/profile.php?id=100050422414160","article_modified_time":"2023-01-27T20:33:27+00:00","og_image":[{"width":4032,"height":3024,"url":"https:\/\/www.beykarsan.com\/wp-content\/uploads\/2022\/04\/IMG_6584-scaled.jpeg","type":"image\/jpeg"}],"twitter_card":"summary_large_image","schema":{"@context":"https:\/\/schema.org","@graph":[{"@type":["WebPage","ItemPage"],"@id":"https:\/\/www.beykarsan.com\/","url":"https:\/\/www.beykarsan.com\/","name":"\u00dcr\u00fcnlerimiz - BEYKARSAN KAROSER VE DAMPER SANAY\u0130 \u00dcSTYAPININ G\u00dcVEN\u0130L\u0130R ADRES\u0130","isPartOf":{"@id":"https:\/\/www.beykarsan.com\/#website"},"datePublished":"2021-10-11T19:13:03+00:00","dateModified":"2023-01-27T20:33:27+00:00","description":"Beykarsan Karoser ve Damper Sanayi'nde Beypazar\u0131 karoseri imalat\u0131, kumlama,boyama,tadilat ve bak\u0131m hizmeti verilmektedir.","breadcrumb":{"@id":"https:\/\/www.beykarsan.com\/#breadcrumb"},"inLanguage":"tr","potentialAction":[{"@type":"ReadAction","target":["https:\/\/www.beykarsan.com\/"]}]},{"@type":"BreadcrumbList","@id":"https:\/\/www.beykarsan.com\/#breadcrumb","itemListElement":[{"@type":"ListItem","position":1,"name":"Anasayfa","item":"https:\/\/www.beykarsan.com\/"},{"@type":"ListItem","position":2,"name":"\u00dcr\u00fcnlerimiz"}]},{"@type":"WebSite","@id":"https:\/\/www.beykarsan.com\/#website","url":"https:\/\/www.beykarsan.com\/","name":"BEYKARSAN KAROSER VE DAMPER SANAY\u0130","description":"\u00dcSTYAPININ G\u00dcVEN\u0130L\u0130R ADRES\u0130","publisher":{"@id":"https:\/\/www.beykarsan.com\/#organization"},"potentialAction":[{"@type":"SearchAction","target":{"@type":"EntryPoint","urlTemplate":"https:\/\/www.beykarsan.com\/?s={search_term_string}"},"query-input":"required name=search_term_string"}],"inLanguage":"tr"},{"@type":"Organization","@id":"https:\/\/www.beykarsan.com\/#organization","name":"BEYKARSAN KAROSER VE DAMPER SANAY\u0130","url":"https:\/\/www.beykarsan.com\/","logo":{"@type":"ImageObject","inLanguage":"tr","@id":"https:\/\/www.beykarsan.com\/#\/schema\/logo\/image\/","url":"https:\/\/www.beykarsan.com\/wp-content\/uploads\/2020\/12\/cropped-beykarsan-logo.png","contentUrl":"https:\/\/www.beykarsan.com\/wp-content\/uploads\/2020\/12\/cropped-beykarsan-logo.png","width":512,"height":512,"caption":"BEYKARSAN KAROSER VE DAMPER SANAY\u0130"},"image":{"@id":"https:\/\/www.beykarsan.com\/#\/schema\/logo\/image\/"},"sameAs":["https:\/\/www.facebook.com\/profile.php?id=100050422414160","https:\/\/www.instagram.com\/beykarsankaroserdamper\/"]}]}},"_links":{"self":[{"href":"https:\/\/www.beykarsan.com\/index.php?rest_route=\/wp\/v2\/pages\/194","targetHints":{"allow":["GET"]}}],"collection":[{"href":"https:\/\/www.beykarsan.com\/index.php?rest_route=\/wp\/v2\/pages"}],"about":[{"href":"https:\/\/www.beykarsan.com\/index.php?rest_route=\/wp\/v2\/types\/page"}],"author":[{"embeddable":true,"href":"https:\/\/www.beykarsan.com\/index.php?rest_route=\/wp\/v2\/users\/2"}],"replies":[{"embeddable":true,"href":"https:\/\/www.beykarsan.com\/index.php?rest_route=%2Fwp%2Fv2%2Fcomments&post=194"}],"version-history":[{"count":25,"href":"https:\/\/www.beykarsan.com\/index.php?rest_route=\/wp\/v2\/pages\/194\/revisions"}],"predecessor-version":[{"id":416,"href":"https:\/\/www.beykarsan.com\/index.php?rest_route=\/wp\/v2\/pages\/194\/revisions\/416"}],"wp:featuredmedia":[{"embeddable":true,"href":"https:\/\/www.beykarsan.com\/index.php?rest_route=\/wp\/v2\/media\/282"}],"wp:attachment":[{"href":"https:\/\/www.beykarsan.com\/index.php?rest_route=%2Fwp%2Fv2%2Fmedia&parent=194"}],"curies":[{"name":"wp","href":"https:\/\/api.w.org\/{rel}","templated":true}]}}